{"id":1534,"date":"2023-01-12T13:17:56","date_gmt":"2023-01-12T16:17:56","guid":{"rendered":"http:\/\/ihgse.org.br\/wordpress\/?page_id=1534"},"modified":"2025-02-17T15:22:03","modified_gmt":"2025-02-17T18:22:03","slug":"submissao-2","status":"publish","type":"page","link":"https:\/\/ihgse.org.br\/wordpress\/submissao-2\/","title":{"rendered":""},"content":{"rendered":"<div class=\"vce-row-container\" data-vce-boxed-width=\"true\"><div class=\"vce-row vce-row--col-gap-30 vce-row-equal-height vce-row-content--top\" id=\"el-93aae184\" data-vce-do-apply=\"all el-93aae184\"><div class=\"vce-row-content\" data-vce-element-content=\"true\"><div class=\"vce-col vce-col--md-auto vce-col--xs-1 vce-col--xs-last vce-col--xs-first vce-col--sm-last vce-col--sm-first vce-col--md-last vce-col--lg-last vce-col--xl-last vce-col--md-first vce-col--lg-first vce-col--xl-first\" id=\"el-47ec1f84\"><div class=\"vce-col-inner\" data-vce-do-apply=\"border margin background  el-47ec1f84\"><div class=\"vce-col-content\" data-vce-element-content=\"true\" data-vce-do-apply=\"padding el-47ec1f84\"><div class=\"vce-text-block\"><div class=\"vce-text-block-wrapper vce\" id=\"el-c3bd4e14\" data-vce-do-apply=\"all el-c3bd4e14\"><h1>Submiss\u00e3o<\/h1>\n<div class=\"cmp_notification\">&nbsp;<\/div>\n<div class=\"submission_checklist\">\n<h2>Condi\u00e7\u00f5es para submiss\u00e3o<\/h2>\n<p>Como parte do processo de submiss\u00e3o, os autores s\u00e3o obrigados a verificar a conformidade da submiss\u00e3o em rela\u00e7\u00e3o a todos os itens listados a seguir. As submiss\u00f5es que n\u00e3o estiverem de acordo com as normas ser\u00e3o devolvidas aos autores.<\/p>\n<ul>\n<li>A contribui\u00e7\u00e3o \u00e9 original e in\u00e9dita, e n\u00e3o est\u00e1 sendo avaliada para publica\u00e7\u00e3o por outra revista; caso contr\u00e1rio, deve-se justificar em \"Coment\u00e1rios ao editor\".<\/li>\n<li>O arquivo da submiss\u00e3o est\u00e1 em formato Microsoft Word.<\/li>\n<li>URLs para as refer\u00eancias foram informadas quando poss\u00edvel.<\/li>\n<li>O texto est\u00e1 em espa\u00e7o entre linhas 1,5; usa uma fonte de 12-pontos; emprega it\u00e1lico em vez de sublinhado (exceto em endere\u00e7os URL); as figuras e tabelas est\u00e3o inseridas no texto, n\u00e3o no final do documento na forma de anexos.<\/li>\n<li>O texto segue os padr\u00f5es de estilo e requisitos bibliogr\u00e1ficos descritos em&nbsp;<a href=\"https:\/\/www.seer.ufs.br\/index.php\/rihgse\/about\/submissions#authorGuidelines\">Diretrizes para Autores<\/a>, na p\u00e1gina Sobre a Revista.<\/li>\n<li>Em caso de submiss\u00e3o a uma se\u00e7\u00e3o com avalia\u00e7\u00e3o pelos pares (ex.: artigos), as instru\u00e7\u00f5es dispon\u00edveis em&nbsp;<a>Assegurando a avalia\u00e7\u00e3o pelos pares cega<\/a>&nbsp;foram seguidas.<\/li>\n<\/ul>\n<\/div>\n<div id=\"authorGuidelines\" class=\"author_guidelines\">\n<h2>Diretrizes para Autores<\/h2>\n<p>As colabora\u00e7\u00f5es para a&nbsp;<strong>Revista do IHGSE<\/strong>&nbsp;devem ser propostas verificando as especifica\u00e7\u00f5es para as seguintes se\u00e7\u00f5es:<\/p>\n<p><strong>Obs: Para todas as se\u00e7\u00f5es os textos devem ser submetidos exclusivamente pelo sistema eletr\u00f4nico da revista.<br><\/strong><\/p>\n<p><strong>&nbsp;<\/strong><\/p>\n<p><strong>ARTIGO<\/strong>&nbsp;| Texto anal\u00edtico in\u00e9dito que apresenta resultados de trabalho de investiga\u00e7\u00e3o e\/ou de reflex\u00e3o te\u00f3rico-metodol\u00f3gica. S\u00e3o aceitos artigos com at\u00e9 tr\u00eas autores.<\/p>\n<p>O artigo deve ter entre 25.000 e 40.000 caracteres com espa\u00e7os, incluindo os resumos, as refer\u00eancias bibliogr\u00e1ficas, legendas, notas de rodap\u00e9, quadros e tabelas.<\/p>\n<p><strong>DOSSI\u00ca<\/strong>&nbsp;| Conjunto de artigos abordando tem\u00e1ticas inovadoras e de relev\u00e2ncia para as tem\u00e1ticos ou escopo da revista.<\/p>\n<p>Deve possuir car\u00e1ter interinstitucional, ser composto de uma apresenta\u00e7\u00e3o e de cinco a sete artigos, reunindo autores filiados a, no m\u00ednimo, tr\u00eas diferentes institui\u00e7\u00f5es.<\/p>\n<p>O dossi\u00ea deve ser proposto por um ou dois pesquisador(es) doutor(es), na condi\u00e7\u00e3o de organizador(es).<\/p>\n<p>S\u00f3 ser\u00e1 publicado como dossi\u00ea a proposta que obtiver um m\u00ednimo de cinco artigos aprovados pelos pareceristas.<\/p>\n<p>Em caso de aprova\u00e7\u00e3o de at\u00e9 quatro textos, esses podem ser publicados isoladamente, ap\u00f3s consulta aos autores.<\/p>\n<p>A proposta de dossi\u00ea deve, ainda, incluir uma apresenta\u00e7\u00e3o (m\u00e1ximo 12.000 caracteres com espa\u00e7os). Todos os artigos do dossi\u00ea devem ser submetidos pelo sistema.<\/p>\n<p>O(s) organizador(es) dever\u00e3o enviar e-mail para&nbsp;<strong>revistaihgsergipe@gmail.com<\/strong>, com a proposta fundamentada do dossi\u00ea, informando t\u00edtulo e a tem\u00e1tica do mesmo, acompanhados de autoria, titula\u00e7\u00e3o, institui\u00e7\u00e3o e pa\u00eds de origem.<\/p>\n<p>As propostas s\u00e3o avaliadas pela Editoria, que decide sobre a possibilidade de submiss\u00e3o do conjunto de artigos na modalidade de dossi\u00ea, de acordo com a pol\u00edtica editorial da Revista do Instituto Hist\u00f3rico e Geogr\u00e1fico de Sergipe.<\/p>\n<p>Sendo aceito o dossi\u00ea, ser\u00e1 criado no sistema o cadastro com o t\u00edtulo do dossi\u00ea espec\u00edfico, para que os autores submetam os artigos, atendendo a avalia\u00e7\u00e3o por pares que integra a pol\u00edtica editorial da revista.<\/p>\n<p>Caso sejam aprovados pelos avaliadores um n\u00famero textos superior ao que a edi\u00e7\u00e3o pode comportar (entre 200 e 250 p\u00e1ginas por volume da edi\u00e7\u00e3o impressa), a Equipe Editorial arbitrar\u00e1 sobre aqueles mais adequados \u00e0 edi\u00e7\u00e3o, reservando os demais para edi\u00e7\u00f5es posteriores. No caso dos dossi\u00eas, a Equipe Editorial far\u00e1 a escolha em comum acordo com os organizadores.<\/p>\n<p><strong>TRADU\u00c7\u00c3O<\/strong>&nbsp;| Texto de relevante interesse para os objetivos e tem\u00e1ticas da revista. O autor da tradu\u00e7\u00e3o dever\u00e1 enviar a autoriza\u00e7\u00e3o do autor da obra original, ou da editora ou do peri\u00f3dico no qual o texto tenha sido publicado.<\/p>\n<p>A tradu\u00e7\u00e3o deve ser acompanhada, tamb\u00e9m, pelo texto no idioma original que foi traduzido. S\u00e3o aceitas tradu\u00e7\u00f5es com&nbsp;<strong>at\u00e9 dois tradutores<\/strong>, sendo que, pelo menos, um deve ter o t\u00edtulo de doutor.<\/p>\n<p><strong>SE\u00c7\u00c3O CASA DE SERGIPE&nbsp;<\/strong>&nbsp;| Esta se\u00e7\u00e3o ser\u00e1 ser\u00e1 sempre a \u00faltima em todos os volumes\/edi\u00e7\u00f5es da revista e os textos devem se referir a comemora\u00e7\u00f5es, homenagens, balan\u00e7o de gest\u00e3o, discursos&nbsp; e outros temas do interesse da Diretoria do IHGSE. No caso de textos de natureza acad\u00eamica, os mesmos dever\u00e3o obter a aprova\u00e7\u00e3o de, pelo menos, um dos integrantes do Conselho Editorial e\/ou da Equipe Editorial.<\/p>\n<p><strong>RESENHA<\/strong>&nbsp;| Estudo cr\u00edtico de texto\/obra recentemente publicada (m\u00e1ximo de cinco anos de publica\u00e7\u00e3o) ou de obra de reconhecido valor hist\u00f3rico-cient\u00edfico.<\/p>\n<p>O texto deve ser in\u00e9dito, e ter extens\u00e3o de at\u00e9 12.000 caracteres com espa\u00e7os, incluindo, se houver, cita\u00e7\u00f5es e refer\u00eancias bibliogr\u00e1ficas. Tamb\u00e9m dever\u00e1 apresentar 03 (tr\u00eas) palavras-chave, 03 (tr\u00eas) keywords e 03 (tr\u00eas) palabras clave.<\/p>\n<p><strong>Autores convidados |&nbsp;<\/strong>Os editores podem convidar a publicar na revista pesquisadores de reconhecida produ\u00e7\u00e3o acad\u00eamica acerca da Hist\u00f3ria e Historiografia de Sergipe e\/ou do Brasil. Os textos dos autores convidados s\u00e3o submetidos \u00e0s mesmas etapas de avalia\u00e7\u00e3o dos demais artigos.<\/p>\n<p><strong>NORMAS EDITORIAIS:<\/strong><\/p>\n<p>1. O texto dever\u00e1 ser postado sem a identifica\u00e7\u00e3o de autoria, bem como de elementos que possam identific\u00e1-lo, como nomes de projetos, ou cita\u00e7\u00f5es de textos dos quais a pesquisa deriva, em hip\u00f3tese alguma deve ocorrer escritas como: \u201cem meus projetos, em trabalhos anteriores, em minha tese\u201d, por exemplo.<\/p>\n<p>2. Somente ser\u00e3o publicados trabalhos in\u00e9ditos ou que n\u00e3o est\u00e3o em processo de avalia\u00e7\u00e3o em outro peri\u00f3dico.<\/p>\n<p>3. Na primeira p\u00e1gina, deve constar o&nbsp;<strong>RESUMO, ABSTRACT e RESUMEN<\/strong>&nbsp;e o t\u00edtulo em&nbsp;<strong>portugu\u00eas, ingl\u00eas e espanhol<\/strong>&nbsp;(negrito e caixa baixa) e 03 (tr\u00eas) palavras-chave, 03 (tr\u00eas) keywords (ingl\u00eas) e 03 (tr\u00eas) palabras clave (<strong>separadas por v\u00edrgulas<\/strong>).<\/p>\n<p>O resumo e o abstract devem ter no m\u00e1ximo 10 (dez) linhas, j\u00e1 o t\u00edtulo e o subt\u00edtulo, se houver, devem ser escritos com letras mai\u00fasculas e min\u00fasculas e n\u00e3o ultrapassar 150 caracteres com espa\u00e7o;<\/p>\n<p>4. O artigo deve ter entre 25.000 e 40.000 caracteres com espa\u00e7os, incluindo os resumos, as refer\u00eancias bibliogr\u00e1ficas, legendas, notas de rodap\u00e9, quadros e tabelas, digitadas em fonte Times New Roman 12, com espa\u00e7o entre linhas 1,5. As margens: superior e inferior (2,5 cm); esquerda (3,0 cm) e direita (2,5 cm).<\/p>\n<p>5. O programa utilizado deve ser compat\u00edvel com o Word for Windows;<\/p>\n<p>6. As imagens dever\u00e3o possuir resolu\u00e7\u00e3o de 300 (trezentos) dpi e dever\u00e3o ser encaminhadas separadamente.<\/p>\n<p>7. Todas as imagens do texto devem conter t\u00edtulo e legenda.<\/p>\n<p>Exemplo de t\u00edtulo:<\/p>\n<p>Figura 1: Centro da Cidade de Aracaju na d\u00e9cada de 1950.<\/p>\n<p>Exemplo de legenda:<\/p>\n<p>Fonte: Acervo do IHGSE<\/p>\n<p>Autoria: desconhecida<\/p>\n<p>8. Os textos devem ter no m\u00e1ximo 3 (tr\u00eas) autores;<\/p>\n<p>9. \u00c0 Revista&nbsp;<em>do Instituto Hist\u00f3rico e Geogr\u00e1fico de Sergipe<\/em>&nbsp;ficam reservados os direitos autorais no tocante a todos os artigos nela publicados;<\/p>\n<p>10. A remessa de originais implica a autoriza\u00e7\u00e3o para publica\u00e7\u00e3o e disponibiliza\u00e7\u00e3o&nbsp;<em>on-line<\/em>&nbsp;sem o pagamento de direitos autorais.<\/p>\n<p>11.&nbsp;<strong>A pr\u00e9via revis\u00e3o gramatical caber\u00e1 ao autor do texto<\/strong>;<\/p>\n<p>12. Caso a pesquisa tenha apoio financeiro de alguma institui\u00e7\u00e3o, esta dever\u00e1 ser mencionada em nota de rodap\u00e9;<\/p>\n<p>13. As cita\u00e7\u00f5es de mais de tr\u00eas linhas dever\u00e3o ser feitas em destaque, com fonte 11 e espa\u00e7o simples entre as linhas;<\/p>\n<p>14.&nbsp;Todos os autores devem ser cadastrados no sistema eletr\u00f4nico da revista e precisam preencher seu perfil no sistema, com seus dados biogr\u00e1ficos, atua\u00e7\u00e3o profissional e endere\u00e7o residencial;<\/p>\n<p>15. As notas devem ser colocadas no rodap\u00e9 do texto (tamanho da fonte: 10), devendo constar de&nbsp;notas explicativas.<\/p>\n<p>16. As refer\u00eancias bibliogr\u00e1ficas das cita\u00e7\u00f5es, obras, fontes e autores comentados devem ser feitas utilizando o sistema AUTOR, ANO ou AUTOR, ANO, P\u00c1GINA (no corpo do texto) e a indica\u00e7\u00e3o completa nas refer\u00eancias no final do texto.<\/p>\n<p>Exemplos de para indica\u00e7\u00e3o de refer\u00eancias no&nbsp;<strong>final do texto<\/strong>:<\/p>\n<p><strong>Livro<\/strong><\/p>\n<p>SOBRENOME, Nome.&nbsp;<em><strong>T\u00edtulo do livro em negrito<\/strong><\/em>: subt\u00edtulo. Tradu\u00e7\u00e3o. Edi\u00e7\u00e3o. Cidade: Editora, ano.<\/p>\n<p><strong>Cap\u00edtulo de livro<\/strong><\/p>\n<p>SOBRENOME, Nome. T\u00edtulo do cap\u00edtulo ou parte do livro. In: SOBRENOME, Nome; SOBRENOME, Nome. (Org.).&nbsp;<em><strong>T\u00edtulo do livro em negrito<\/strong>.<\/em>&nbsp;Tradu\u00e7\u00e3o. Edi\u00e7\u00e3o. Cidade: Editora, ano, p. x-y;<\/p>\n<p><strong>Peri\u00f3dico<\/strong><\/p>\n<p>SOBRENOME, Nome. T\u00edtulo do artigo.&nbsp;<em><strong>T\u00edtulo do peri\u00f3dico em negrito<\/strong>.<\/em>&nbsp;Cidade: Editora, vol., n., fasc\u00edculo, p. x-y, m\u00eas.\/m\u00eas. ano.<\/p>\n<p><strong>Tese e disserta\u00e7\u00e3o<\/strong><\/p>\n<p>SOBRENOME, Nome.<em>&nbsp;<\/em><em><strong>T\u00edtulo da Disserta\u00e7\u00e3o ou Tese em negrito<\/strong>.&nbsp;<\/em>Ano. Quantidade de folhas. Tese ou Disserta\u00e7\u00e3o (Mestrado ou Doutorado em especificar \u00e1rea do conhecimento). Programa de P\u00f3s-Gradua\u00e7\u00e3o em (especificar o nome do Programa), Institui\u00e7\u00e3o de Ensino, Cidade, Ano.<\/p>\n<p><strong>Monografia<\/strong><\/p>\n<p>SOBRENOME, Nome.&nbsp;<em><strong>T\u00edtulo da monografia em negrito<\/strong>.&nbsp;<\/em>Cidade, Ano, Quantidade de folhas. Monografia (Especificar a \u00e1rea do Conhecimento). Departamento (Especificar o nome), Institui\u00e7\u00e3o de Ensino, Ano.<\/p>\n<p><strong>Trabalho apresentado em congresso<\/strong><\/p>\n<p>SOBRENOME, Nome. T\u00edtulo do artigo em it\u00e1lico.&nbsp;T\u00edtulo do Artigo sublinhado. In: NOME DO CONGRESSO COM LETRAS MAI\u00daSCULAS.&nbsp;&nbsp;Ano. Anais...Cidade: Institui\u00e7\u00e3o de Ensino que promoveu o evento, Ano. CD-Rom ou Endere\u00e7o Eletr\u00f4nico<\/p>\n<p><strong>Artigo de Jornal<\/strong><\/p>\n<p>SOBRENOME, Nome. T\u00edtulo do artigo.&nbsp;<em><strong>T\u00edtulo do jornal<\/strong><\/em>&nbsp;<strong>em negrito<\/strong>, Cidade, p. 4, dia m\u00eas ano.<\/p>\n<p>17- Cada nota explicativa dever\u00e1 conter, no m\u00e1ximo, 500 (quinhentos) caracteres.<\/p>\n<p>18-As resenhas seguem as mesmas normas dos artigos.<\/p>\n<p>19- Ver \u201cPol\u00edtica de Avalia\u00e7\u00e3o\u201d.<\/p>\n<p>20-A Revista receber\u00e1 colabora\u00e7\u00f5es em fluxo cont\u00ednuo, decidindo quanto ao momento oportuno para a publica\u00e7\u00e3o dos trabalhos aceitos.<\/p>\n<p>23-Os autores dos textos selecionados receber\u00e3o 01 (um) exemplar do n\u00famero que contiver sua colabora\u00e7\u00e3o.<\/p>\n<p>24-Cabe ao autor o preenchimento de todos os dados solicitados no momento da submiss\u00e3o do texto pelo Sistema Eletr\u00f4nico da Revista.<\/p>\n<p>25- Qualquer dificuldade para submiss\u00e3o dos trabalhos deve-se entrar em contato via e-mail: revistaihgsergipe@gmail.com<\/p>\n<p>26-Endere\u00e7o para correspond\u00eancia:<\/p>\n<p>REVISTA DO INSTITUTO HIST\u00d3RICO E GEOGR\u00c1FICO DE SERGIPE<\/p>\n<p>Rua Itabaiana, 41 \u2013 Centro Aracaju-SE, CEP: 49010-190<\/p>\n<p>Telefone: (79) 3214-8491<\/p>\n<p>E-mail: revistaihgsergipe@gmail.com<\/p>\n<\/div>\n<div class=\"section_policy\">&nbsp;<\/div>\n<div class=\"section_policy\">&nbsp;<\/div>\n<div id=\"privacyStatement\" class=\"privacy_statement\">\n<h2>Pol\u00edtica de Privacidade<\/h2>\n<p>Os nomes e endere\u00e7os informados nesta revista ser\u00e3o usados exclusivamente para os servi\u00e7os prestados por esta publica\u00e7\u00e3o, n\u00e3o sendo disponibilizados para outras finalidades ou a terceiros.<\/p>\n<\/div><\/div><\/div><\/div><\/div><\/div><\/div><\/div><\/div>\n","protected":false},"excerpt":{"rendered":"<p>Submiss\u00e3o &nbsp; Condi\u00e7\u00f5es para submiss\u00e3o Como parte do processo de submiss\u00e3o, os autores s\u00e3o obrigados a verificar a conformidade da submiss\u00e3o em rela\u00e7\u00e3o a todos os itens listados a seguir. As submiss\u00f5es que n\u00e3o estiverem de acordo com as normas ser\u00e3o devolvidas aos autores. A contribui\u00e7\u00e3o \u00e9 original e in\u00e9dita, e n\u00e3o est\u00e1 sendo avaliada&hellip; <br \/> <a class=\"read-more\" href=\"https:\/\/ihgse.org.br\/wordpress\/submissao-2\/\">Leia mais<\/a><\/p>\n","protected":false},"author":5,"featured_media":1496,"parent":0,"menu_order":0,"comment_status":"closed","ping_status":"closed","template":"","meta":{"footnotes":""},"class_list":["post-1534","page","type-page","status-publish","has-post-thumbnail","hentry"],"_links":{"self":[{"href":"https:\/\/ihgse.org.br\/wordpress\/wp-json\/wp\/v2\/pages\/1534","targetHints":{"allow":["GET"]}}],"collection":[{"href":"https:\/\/ihgse.org.br\/wordpress\/wp-json\/wp\/v2\/pages"}],"about":[{"href":"https:\/\/ihgse.org.br\/wordpress\/wp-json\/wp\/v2\/types\/page"}],"author":[{"embeddable":true,"href":"https:\/\/ihgse.org.br\/wordpress\/wp-json\/wp\/v2\/users\/5"}],"replies":[{"embeddable":true,"href":"https:\/\/ihgse.org.br\/wordpress\/wp-json\/wp\/v2\/comments?post=1534"}],"version-history":[{"count":5,"href":"https:\/\/ihgse.org.br\/wordpress\/wp-json\/wp\/v2\/pages\/1534\/revisions"}],"predecessor-version":[{"id":2620,"href":"https:\/\/ihgse.org.br\/wordpress\/wp-json\/wp\/v2\/pages\/1534\/revisions\/2620"}],"wp:featuredmedia":[{"embeddable":true,"href":"https:\/\/ihgse.org.br\/wordpress\/wp-json\/wp\/v2\/media\/1496"}],"wp:attachment":[{"href":"https:\/\/ihgse.org.br\/wordpress\/wp-json\/wp\/v2\/media?parent=1534"}],"curies":[{"name":"wp","href":"https:\/\/api.w.org\/{rel}","templated":true}]}}