{"id":1662,"date":"2023-01-16T15:10:42","date_gmt":"2023-01-16T18:10:42","guid":{"rendered":"http:\/\/ihgse.org.br\/wordpress\/?page_id=1662"},"modified":"2025-02-17T15:00:13","modified_gmt":"2025-02-17T18:00:13","slug":"quadro-social-2","status":"publish","type":"page","link":"https:\/\/ihgse.org.br\/wordpress\/quadro-social-2\/","title":{"rendered":""},"content":{"rendered":"<div class=\"vce-row-container\" data-vce-boxed-width=\"true\"><div class=\"vce-row vce-row--col-gap-30 vce-row-equal-height vce-row-content--top\" id=\"el-3ce33708\" data-vce-do-apply=\"all el-3ce33708\"><div class=\"vce-content-background-container\"><\/div><div class=\"vce-row-content\" data-vce-element-content=\"true\"><div class=\"vce-col vce-col--md-37p vce-col--xs-1 vce-col--xs-last vce-col--xs-first vce-col--sm-last vce-col--sm-first vce-col--md-first vce-col--lg-first vce-col--xl-first\" id=\"el-e45b006b\"><div class=\"vce-col-inner\" data-vce-do-apply=\"border margin background  el-e45b006b\"><div class=\"vce-col-content\" data-vce-element-content=\"true\" data-vce-do-apply=\"padding el-e45b006b\"><div class=\"vce-text-block\"><div class=\"vce-text-block-wrapper vce\" id=\"el-999a2455\" data-vce-do-apply=\"all el-999a2455\"><p><span style=\"font-weight: bold; font-style: normal; font-size: 14pt;\">S\u00f3cios Honor\u00e1rios<\/span><\/p>\n<p>F\u00e1bio Cruz Mitidieri<\/p>\n<p><strong>Governador do Estado de Sergipe<\/strong><\/p>\n<p>Jeferson Andrade<\/p>\n<p><strong>Presidente da Assembleia do Estado de Sergipe<\/strong><\/p>\n<p>Desembargadora Iolanda Santos Guimar\u00e3es<\/p>\n<p><strong>Presidente do Tribunal de Justi\u00e7a de Sergipe<\/strong><\/p>\n<p>&nbsp;<\/p><\/div><\/div><\/div><\/div><\/div><div class=\"vce-col vce-col--md-63p vce-col--xs-1 vce-col--xs-last vce-col--xs-first vce-col--sm-last vce-col--sm-first vce-col--md-last vce-col--lg-last vce-col--xl-last\" id=\"el-097547f6\"><div class=\"vce-col-inner\" data-vce-do-apply=\"border margin background  el-097547f6\"><div class=\"vce-col-content\" data-vce-element-content=\"true\" data-vce-do-apply=\"padding el-097547f6\"><div class=\"vce-text-block\"><div class=\"vce-text-block-wrapper vce\" id=\"el-7383d34f\" data-vce-do-apply=\"all el-7383d34f\"><p><span style=\"font-weight: bold; font-style: normal; font-size: 14pt;\">S\u00f3cios Efetivos:<\/span><\/p>\n<p>S\u00e3o os 90 s\u00f3cios efetivos os principais respons\u00e1veis pela sobreviv\u00eancia do Instituto que devem jurar: \u201cPrometo contribuir para o engrandecimento do Instituto Hist\u00f3rico e Geogr\u00e1fico de Sergipe e observar fielmente o seu Estatuto\u201d<\/p><\/div><\/div><div class=\"vce-features vce-var-icon vce-features--style-filled-circle vce-features--size-tiny\" style=\"--iconAlignment: center; --iconColor: #fff; --iconColorHover: #fff; --shapeColor: rgb(14, 70, 130); --shapeColorHover: rgb(14, 70, 130); --linkColorHover: rgb(13,63,116);\"><div id=\"el-a6a4b956\" class=\"vce vce-features-icon-wrapper\" data-vce-do-apply=\"all el-a6a4b956\"><div class=\"vce-features--icon vce-icon\"><svg xmlns=\"https:\/\/www.w3.org\/2000\/svg\" viewBox=\"0 0 769 769\"><path stroke-width=\"25\" d=\"M565.755 696.27h-360l-180-311.77 180-311.77h360l180 311.77z\"><\/path><\/svg><span class=\"vce-icon-container fas fa-angle-down\"><\/span><\/div><\/div><\/div><\/div><\/div><\/div><\/div><\/div><\/div><div class=\"vce-row-container\" data-vce-boxed-width=\"true\"><div class=\"vce-row vce-row--col-gap-30 vce-row-equal-height vce-row-content--top\" id=\"el-9905dba1\" data-vce-do-apply=\"all el-9905dba1\"><div class=\"vce-row-content\" data-vce-element-content=\"true\"><div class=\"vce-col vce-col--md-auto vce-col--xs-1 vce-col--xs-last vce-col--xs-first vce-col--sm-last vce-col--sm-first vce-col--md-first vce-col--lg-first vce-col--xl-first\" id=\"el-dc8c5ca2\"><div class=\"vce-col-inner\" data-vce-do-apply=\"border margin background  el-dc8c5ca2\"><div class=\"vce-col-content\" data-vce-element-content=\"true\" data-vce-do-apply=\"padding el-dc8c5ca2\"><div class=\"vce-text-block\"><div class=\"vce-text-block-wrapper vce\" id=\"el-236c7a8f\" data-vce-do-apply=\"all el-236c7a8f\"><p><span style=\"font-weight: bold; font-style: normal; font-size: 14pt;\">S\u00f3cio Benem\u00e9rito<\/span><\/p>\n<p>Ant\u00f4nio Carlos Valadares<\/p>\n<p>Francisco Guimar\u00e3es Rollemberg<\/p>\n<p>Gilton Feitosa Concei\u00e7\u00e3o<\/p>\n<p>Itamar Freitas de Oliveira<\/p>\n<p>Jo\u00e3o Alves Filho<\/p>\n<p>Jos\u00e9 de Oliveira Junior<\/p>\n<p>Maria do Carmo Nascimento Alves<\/p>\n<p>Ver\u00f4nica Maria Menezes Nunes<\/p>\n<p>&nbsp;<\/p><\/div><\/div><div class=\"vce-text-block\"><div class=\"vce-text-block-wrapper vce\" id=\"el-c3ad6e79\" data-vce-do-apply=\"all el-c3ad6e79\"><p><strong>Funcion\u00e1rio:<\/strong><\/p><p>Jos\u00e9 Carlos de Jesus<\/p><\/div><\/div><div class=\"vce-text-block\"><div class=\"vce-text-block-wrapper vce\" id=\"el-888db563\" data-vce-do-apply=\"all el-888db563\"><p><strong>Estagi\u00e1rios:<\/strong><\/p>\n<p><strong>Est\u00e1gio Remunerado:<\/strong><\/p>\n<p>Breno de Jesus Neves<\/p>\n<p><strong>Licenciatura em Geografia<\/strong><\/p>\n<p>Joely Santos da Silva<\/p>\n<p><strong>Licenciatura em Hist\u00f3ria<\/strong><\/p>\n<p>&nbsp;Giovana Teixeira Ferreira<\/p>\n<p><strong>Licenciatura em Artes Visuais<\/strong><\/p><\/div><\/div><div class=\"vce-text-block\"><div class=\"vce-text-block-wrapper vce\" id=\"el-86200bb5\" data-vce-do-apply=\"all el-86200bb5\"><p><strong>Volunt\u00e1rios<\/strong><strong>:<\/strong><\/p>\n<p>Adirany da Silva dos Reis<\/p>\n<p>Josi\u00e9lia Santos Oliveira<\/p>\n<p>&nbsp;<\/p>\n<p>&nbsp;<\/p><\/div><\/div><\/div><\/div><\/div><div class=\"vce-col vce-col--md-auto vce-col--xs-1 vce-col--xs-last vce-col--xs-first vce-col--sm-last vce-col--sm-first\" id=\"el-050ae28c\"><div class=\"vce-col-inner\" data-vce-do-apply=\"border margin background  el-050ae28c\"><div class=\"vce-col-content\" data-vce-element-content=\"true\" data-vce-do-apply=\"padding el-050ae28c\"><div class=\"vce-text-block\"><div class=\"vce-text-block-wrapper vce\" id=\"el-db79da88\" data-vce-do-apply=\"all el-db79da88\"><p><span style=\"font-weight: 400;\">ADAILTON DOS SANTOS ANDRADE<\/span><\/p><p><span style=\"font-weight: 400;\">ADRIANO TORRES AZEVEDO<\/span><\/p><p><span style=\"font-weight: 400;\">AFONSO BARBOSA DE SOUZA<\/span><\/p><p><span style=\"font-weight: 400;\">AGLA\u00c9 D'AVILA FONTES<\/span><\/p><p><span style=\"font-weight: 400;\">ALDENISE CORDEIRO DOS SANTOS<\/span><\/p><p><span style=\"font-weight: 400;\">AM\u00c2NCIO CARDOSO DOS SANTOS NETO<\/span><\/p><p><span style=\"font-weight: 400;\">ANA CONCEI\u00c7\u00c3O SOBRAL DE CARVALHO<\/span><\/p><p><span style=\"font-weight: 400;\">ANA MARIA DO N. FONSECA MEDINA<\/span><\/p><p><span style=\"font-weight: 400;\">ANCELMO DE OLIVEIRA<\/span><\/p><p><span style=\"font-weight: 400;\">ANDREA TORRES AZEVEDO<\/span><\/p><p><span style=\"font-weight: 400;\">ANITA ROCHA PAIX\u00c3O SOTERO<\/span><\/p><p><span style=\"font-weight: 400;\">ANT\u00d4NIO CARLOS SOBRAL DE SOUZA<\/span><\/p><p><span style=\"font-weight: 400;\">ANT\u00d4NIO FRANCISCO DE JESUS (SARACURA)<\/span><\/p><p><span style=\"font-weight: 400;\">ANT\u00d4NIO LINDIVALDO SOUZA<\/span><\/p><p><span style=\"font-weight: 400;\">ANT\u00d4NIO PORF\u00cdRIO DE MATOS NETO<\/span><\/p><p><span style=\"font-weight: 400;\">BEATRIZ G\u00d3IS DANTAS<\/span><\/p><p><span style=\"font-weight: 400;\">CLAUDIOMIRO ALVES ROCHA<\/span><\/p><p><span style=\"font-weight: 400;\">CL\u00d3VIS BARBOSA DE MELO<\/span><\/p><p><span style=\"font-weight: 400;\">CRISTINA DE ALMEIDA VALEN\u00c7A<\/span><\/p><p><span style=\"font-weight: 400;\">DARCILO MELO COSTA<\/span><\/p><p><span style=\"font-weight: 400;\">DJALDINO MOTA MORENO<\/span><\/p><p><span style=\"font-weight: 400;\">EDMILSON MENEZES SANTOS<\/span><\/p><p><span style=\"font-weight: 400;\">EDNALVA FREIRE CAETANO<\/span><\/p><p><span style=\"font-weight: 400;\">EDSON ULISSES DE MELO<\/span><\/p><p><span style=\"font-weight: 400;\">EDUARDO ANT\u00d4NIO SEABRA<\/span><\/p><p><span style=\"font-weight: 400;\">EVA MARIA SIQUEIRA ALVES<\/span><\/p><p><span style=\"font-weight: 400;\">EVANDE DOS SANTOS<\/span><\/p><p><span style=\"font-weight: 400;\">FABR\u00cdCIA DE OLIVEIRA SANTOS<\/span><\/p><p><span style=\"font-weight: 400;\">FERNADO JOS\u00c9 FERREIRA AGUIAR<\/span><\/p><p><span style=\"font-weight: 400;\">GERSON VILAS BOAS<\/span><\/p><p><span style=\"font-weight: 400;\">GILVAN RODRIGUES DOS SANTOS<\/span><\/p><p><span style=\"font-weight: 400;\">H\u00c9LIO JOS\u00c9 PORTO<\/span><\/p><p><span style=\"font-weight: 400;\">IARA MARIA CAMPELO LIMA<\/span><\/p><p><span style=\"font-weight: 400;\">IGOR LEONARDO MORAES ALBURQUERQUE<\/span><\/p><p><span style=\"font-weight: 400;\">JANE ALVES NASCIMENTO MOREIRA DE OLIVEIRA<\/span><\/p><p><span style=\"font-weight: 400;\">JANE GUIMAR\u00c3ES VASCONCELOS SANTOS<\/span><\/p><p><span style=\"font-weight: 400;\">JO\u00c3O PAULO GAMA OLIVEIRA<\/span><\/p><p><span style=\"font-weight: 400;\">JOAQUIM TAVARES DE CONCEI\u00c7\u00c3O<\/span><\/p><p><span style=\"font-weight: 400;\">JODOVAL LUIZ DOS SANTOS<\/span><\/p><p><span style=\"font-weight: 400;\">JOS\u00c9 ALBERTO PEREIRA BARRETO<\/span><\/p><p><span style=\"font-weight: 400;\">JOS\u00c9 ANDERSON DO NASCIMENTO<\/span><\/p><p><span style=\"font-weight: 400;\">JOS\u00c9 ANT\u00d4NIO SANTOS<\/span><\/p><p><span style=\"font-weight: 400;\">JOSE EDUARDO DE SANTANA MACEDO<\/span><\/p><\/div><\/div><\/div><\/div><\/div><div class=\"vce-col vce-col--md-auto vce-col--xs-1 vce-col--xs-last vce-col--xs-first vce-col--sm-last vce-col--sm-first vce-col--md-last vce-col--lg-last vce-col--xl-last\" id=\"el-055f1d70\"><div class=\"vce-col-inner\" data-vce-do-apply=\"border margin background  el-055f1d70\"><div class=\"vce-col-content\" data-vce-element-content=\"true\" data-vce-do-apply=\"padding el-055f1d70\"><div class=\"vce-text-block\"><div class=\"vce-text-block-wrapper vce\" id=\"el-2c130b3c\" data-vce-do-apply=\"all el-2c130b3c\"><p><span style=\"font-weight: 400;\">JOS\u00c9 FRANCISCO DA ROCHA<\/span><\/p><p><span style=\"font-weight: 400;\">JOS\u00c9 HAMILTON MACIEL SILVA<\/span><\/p><p><span style=\"font-weight: 400;\">JOS\u00c9 HAMILTON MARCIEL SILVA FILHO<\/span><\/p><p><span style=\"font-weight: 400;\">JOS\u00c9 IBAR\u00ca COSTA DANTAS<\/span><\/p><p><span style=\"font-weight: 400;\">JOSE IRAN BARBOSA FILHO<\/span><\/p><p><span style=\"font-weight: 400;\">JOS\u00c9 LIMA SANTANA<\/span><\/p><p><span style=\"font-weight: 400;\">JOS\u00c9 RIVALDAVIO LIMA<\/span><\/p><p><span style=\"font-weight: 400;\">JOS\u00c9 VIEIRA DA CRUZ<\/span><\/p><p><span style=\"font-weight: 400;\">JOSEFA ELIANE SOUZA<\/span><\/p><p><span style=\"font-weight: 400;\">JUVENAL FRANCISCO DA ROCHA NETO<\/span><\/p><p><span style=\"font-weight: 400;\">LENALDA ANDRADE SANTOS<\/span><\/p><p><span style=\"font-weight: 400;\">L\u00cdLIAN DE LINS WANDERLEY<\/span><\/p><p><span style=\"font-weight: 400;\">LOURIVAL SANTANA SANTOS<\/span><\/p><p><span style=\"font-weight: 400;\">LUCIO ANT\u00d4NIO PRADO DIAS<\/span><\/p><p><span style=\"font-weight: 400;\">LUIZ EDUARDO ALVES DE OLIVA<\/span><\/p><p><span style=\"font-weight: 400;\">LUIZA MARIA DA COSTA NASCIMENTO<\/span><\/p><p><span style=\"font-weight: 400;\">MANOEL ALVES DE SOUZA<\/span><\/p><p><span style=\"font-weight: 400;\">MARCELO DA SILVA RIBEIRO<\/span><\/p><p><span style=\"font-weight: 400;\">MARIA DA GL\u00d3RIA SANTANA DE ALMEIDA<\/span><\/p><p><span style=\"font-weight: 400;\">MARIA IZABEL CARREGOSA DE CARVALHO VIEIRA<\/span><\/p><p><span style=\"font-weight: 400;\">MARIA NEIDE SOBRAL DA SILVA<\/span><\/p><p><span style=\"font-weight: 400;\">M\u00c1RIO LUIZ BRITTO ARAG\u00c3O<\/span><\/p><p><span style=\"font-weight: 400;\">MARLENE ALVES CALUMBY<\/span><\/p><p><span style=\"font-weight: 400;\">MARY NADJA FREIRE DE ALMEIDA SEABRA<\/span><\/p><p><span style=\"font-weight: 400;\">NATALIA AMADO<\/span><\/p><p><span style=\"font-weight: 400;\">NEUZA MARIA G\u00d3IS RIBEIRO<\/span><\/p><p><span style=\"font-weight: 400;\">PATR\u00cdCIA VERONICA SOBRAL CARVALHO DE SOUZA<\/span><\/p><p><span style=\"font-weight: 400;\">PAULO AMADO OLIVEIRA<\/span><\/p><p><span style=\"font-weight: 400;\">RISIA RODRIGUES SILVA MONTEIRO<\/span><\/p><p><span style=\"font-weight: 400;\">RENATA FERREIRA COSTA BONIF\u00c1CIO<\/span><\/p><p><span style=\"font-weight: 400;\">ROMULO DE OLIVEIRA SILVA<\/span><\/p><p><span style=\"font-weight: 400;\">ROSANGELA SOARES DE JESUS<\/span><\/p><p><span style=\"font-weight: 400;\">RUSEL MARCOS BATISTA BARROSO<\/span><\/p><p><span style=\"font-weight: 400;\">SAMUEL BARROS DE MEDEIROS ALBUQUERQUE<\/span><\/p><p><span style=\"font-weight: 400;\">SANDRA MARIA NATAVIDADE<\/span><\/p><p><span style=\"font-weight: 400;\">SAUM\u00cdNEO DA SILVA NASCIMENTO<\/span><\/p><p><span style=\"font-weight: 400;\">SAYONARA RODRIGUES DO NASCIMENTO<\/span><\/p><p><span style=\"font-weight: 400;\">SUELY CRISTINA SILVA SOUZA<\/span><\/p><p><span style=\"font-weight: 400;\">TADEU CUNHA REBOU\u00c7AS<\/span><\/p><p><span style=\"font-weight: 400;\">TEREZA CRISTINA CERQUEIRA DA GRA\u00c7A<\/span><\/p><p><span style=\"font-weight: 400;\">TEREZINHA ALVES DE OLIVA<\/span><\/p><p><span style=\"font-weight: 400;\">VAL\u00c9RIA BARI APARECIDA<\/span><\/p><p><span style=\"font-weight: 400;\">VERA L\u00daCIA ALVES FRAN\u00c7A<\/span><\/p><p><span style=\"font-weight: 400;\">VILDER SANTOS<\/span><\/p><p><span style=\"font-weight: 400;\">WAGNER GONZAGA LEMOS<\/span><\/p><p><span style=\"font-weight: 400;\">WANDERLEI DE OLIVEIRA MENEZES<\/span><\/p><p style=\"line-height: 1; padding-left: 40px;\">&nbsp;<\/p><\/div><\/div><\/div><\/div><\/div><\/div><\/div><\/div><div class=\"vce-row-container\" data-vce-boxed-width=\"true\"><div class=\"vce-row vce-row--col-gap-30 vce-row-equal-height vce-row-content--top\" id=\"el-f8b14f93\" data-vce-do-apply=\"all el-f8b14f93\"><div class=\"vce-row-content\" data-vce-element-content=\"true\"><div class=\"vce-col vce-col--md-auto vce-col--xs-1 vce-col--xs-last vce-col--xs-first vce-col--sm-last vce-col--sm-first vce-col--md-last vce-col--lg-last vce-col--xl-last vce-col--md-first vce-col--lg-first vce-col--xl-first\" id=\"el-607f0e60\"><div class=\"vce-col-inner\" data-vce-do-apply=\"border margin background  el-607f0e60\"><div class=\"vce-col-content\" data-vce-element-content=\"true\" data-vce-do-apply=\"padding el-607f0e60\"><div class=\"vce vce-separator-container vce-separator--align-center vce-separator--style-double\" id=\"el-43efa6f5\" data-vce-do-apply=\"margin el-43efa6f5\"><div class=\"vce-separator vce-separator--color-b-23-7-144 vce-separator--width-50 vce-separator--thickness-11\" data-vce-do-apply=\"border padding background  el-43efa6f5\"><\/div><\/div><\/div><\/div><\/div><\/div><\/div><\/div><div class=\"vce-row-container\" data-vce-boxed-width=\"true\"><div class=\"vce-row vce-row--col-gap-30 vce-row-equal-height vce-row-content--top\" id=\"el-04e2cbbe\" data-vce-do-apply=\"all el-04e2cbbe\"><div class=\"vce-row-content\" data-vce-element-content=\"true\"><div class=\"vce-col vce-col--md-auto vce-col--xs-1 vce-col--xs-last vce-col--xs-first vce-col--sm-last vce-col--sm-first vce-col--md-last vce-col--lg-last vce-col--xl-last vce-col--md-first vce-col--lg-first vce-col--xl-first\" id=\"el-ceae32fe\"><div class=\"vce-col-inner\" data-vce-do-apply=\"border margin background  el-ceae32fe\"><div class=\"vce-col-content\" data-vce-element-content=\"true\" data-vce-do-apply=\"padding el-ceae32fe\"><div class=\"vce-single-image-container vce-single-image--align-left\"><div class=\"vce vce-single-image-wrapper\" id=\"el-c3265f9b\" data-vce-do-apply=\"all el-c3265f9b\"><figure><div class=\"vce-single-image-figure-inner\" style=\"width: 1024px;\"><div class=\"vce-single-image-inner vce-single-image--absolute\" style=\"width: 100%; padding-bottom: 41.6016%;\"><img loading=\"lazy\" decoding=\"async\" class=\"vce-single-image\"  width=\"1024\" height=\"426\" srcset=\"https:\/\/www.ihgse.org.br\/wordpress\/wp-content\/uploads\/2023\/01\/Parceiros-1024x427.png 1024w, https:\/\/www.ihgse.org.br\/wordpress\/wp-content\/uploads\/2023\/01\/Parceiros-320x133.png 320w, https:\/\/www.ihgse.org.br\/wordpress\/wp-content\/uploads\/2023\/01\/Parceiros-480x200.png 480w, https:\/\/www.ihgse.org.br\/wordpress\/wp-content\/uploads\/2023\/01\/Parceiros-800x333.png 800w\" src=\"https:\/\/www.ihgse.org.br\/wordpress\/wp-content\/uploads\/2023\/01\/Parceiros-1024x427.png\" data-img-src=\"https:\/\/www.ihgse.org.br\/wordpress\/wp-content\/uploads\/2023\/01\/Parceiros.png\" data-attachment-id=\"1775\"  alt=\"\" title=\"Parceiros\" \/><\/div><\/div><figcaption hidden=\"\"><\/figcaption><\/figure><\/div><\/div><\/div><\/div><\/div><\/div><\/div><\/div>\n","protected":false},"excerpt":{"rendered":"<p>S\u00f3cios Honor\u00e1rios F\u00e1bio Cruz Mitidieri Governador do Estado de Sergipe Jeferson Andrade Presidente da Assembleia do Estado de Sergipe Desembargadora Iolanda Santos Guimar\u00e3es Presidente do Tribunal de Justi\u00e7a de Sergipe &nbsp;S\u00f3cios Efetivos: S\u00e3o os 90 s\u00f3cios efetivos os principais respons\u00e1veis pela sobreviv\u00eancia do Instituto que devem jurar: \u201cPrometo contribuir para o engrandecimento do Instituto Hist\u00f3rico&hellip; <br \/> <a class=\"read-more\" href=\"https:\/\/ihgse.org.br\/wordpress\/quadro-social-2\/\">Leia mais<\/a><\/p>\n","protected":false},"author":5,"featured_media":1722,"parent":0,"menu_order":0,"comment_status":"closed","ping_status":"closed","template":"","meta":{"footnotes":""},"class_list":["post-1662","page","type-page","status-publish","has-post-thumbnail","hentry"],"_links":{"self":[{"href":"https:\/\/ihgse.org.br\/wordpress\/wp-json\/wp\/v2\/pages\/1662","targetHints":{"allow":["GET"]}}],"collection":[{"href":"https:\/\/ihgse.org.br\/wordpress\/wp-json\/wp\/v2\/pages"}],"about":[{"href":"https:\/\/ihgse.org.br\/wordpress\/wp-json\/wp\/v2\/types\/page"}],"author":[{"embeddable":true,"href":"https:\/\/ihgse.org.br\/wordpress\/wp-json\/wp\/v2\/users\/5"}],"replies":[{"embeddable":true,"href":"https:\/\/ihgse.org.br\/wordpress\/wp-json\/wp\/v2\/comments?post=1662"}],"version-history":[{"count":27,"href":"https:\/\/ihgse.org.br\/wordpress\/wp-json\/wp\/v2\/pages\/1662\/revisions"}],"predecessor-version":[{"id":2617,"href":"https:\/\/ihgse.org.br\/wordpress\/wp-json\/wp\/v2\/pages\/1662\/revisions\/2617"}],"wp:featuredmedia":[{"embeddable":true,"href":"https:\/\/ihgse.org.br\/wordpress\/wp-json\/wp\/v2\/media\/1722"}],"wp:attachment":[{"href":"https:\/\/ihgse.org.br\/wordpress\/wp-json\/wp\/v2\/media?parent=1662"}],"curies":[{"name":"wp","href":"https:\/\/api.w.org\/{rel}","templated":true}]}}