{"id":1971,"date":"2023-01-31T13:46:37","date_gmt":"2023-01-31T16:46:37","guid":{"rendered":"http:\/\/ihgse.org.br\/wordpress\/?page_id=1971"},"modified":"2023-01-31T13:49:36","modified_gmt":"2023-01-31T16:49:36","slug":"auditorio","status":"publish","type":"page","link":"https:\/\/ihgse.org.br\/wordpress\/auditorio\/","title":{"rendered":""},"content":{"rendered":"<div class=\"vce-row-container\" data-vce-boxed-width=\"true\"><div class=\"vce-row vce-row--col-gap-30 vce-row-equal-height vce-row-content--top\" id=\"el-6e235efe\" data-vce-do-apply=\"all el-6e235efe\"><div class=\"vce-row-content\" data-vce-element-content=\"true\"><div class=\"vce-col vce-col--md-auto vce-col--xs-1 vce-col--xs-last vce-col--xs-first vce-col--sm-last vce-col--sm-first vce-col--md-first vce-col--lg-first vce-col--xl-first\" id=\"el-063eef28\"><div class=\"vce-col-inner\" data-vce-do-apply=\"border margin background  el-063eef28\"><div class=\"vce-col-content\" data-vce-element-content=\"true\" data-vce-do-apply=\"padding el-063eef28\"><div class=\"vce-text-block\"><div class=\"vce-text-block-wrapper vce\" id=\"el-d284705b\" data-vce-do-apply=\"all el-d284705b\"><p>Audit\u00f3rio<\/p><p>\u201cSala de Eventos\u201d era assim chamado o Audit\u00f3rio Lourival Baptista, com capacidade para 450 pessoas. Nele s\u00e3o realizadas atividades de cunho hist\u00f3rico, cultural, acad\u00eamica, cient\u00edfico, cola\u00e7\u00e3o de grau, atividades administrativas, congressos, confer\u00eancias, semin\u00e1rios, col\u00f3quios, workshops e atividades afins, tanto para s\u00f3cios como para convidados. Al\u00e9m disso, \u00e9 poss\u00edvel atender a comunidade no servi\u00e7o de loca\u00e7\u00e3o para celebra\u00e7\u00f5es, com pre\u00e7o diferenciado do mercado.<\/p><\/div><\/div><\/div><\/div><\/div><div class=\"vce-col vce-col--md-auto vce-col--xs-1 vce-col--xs-last vce-col--xs-first vce-col--sm-last vce-col--sm-first vce-col--md-last vce-col--lg-last vce-col--xl-last\" id=\"el-5394ff08\"><div class=\"vce-col-inner\" data-vce-do-apply=\"border margin background  el-5394ff08\"><div class=\"vce-col-content\" data-vce-element-content=\"true\" data-vce-do-apply=\"padding el-5394ff08\"><div class=\"vce-simple-image-slider\" style=\"--backgroundPosition:center center; --pointerColor:#fff; --pointerColorHover:#fd9a00;\"><div class=\"vce-simple-image-slider-wrapper vce\" id=\"el-d0628b75\" data-vce-do-apply=\"all el-d0628b75\"><div class=\"vce-simple-image-slider-helper vce-simple-image-slider-aspect-ratio--16-9\"><div class=\"vce-simple-image-slider-list\" data-slick-autoplay=\"on\" data-slick-autoplay-delay=\"5000\" data-slick-effect=\"slideIn\" data-slick-dots=\"on\" data-slick-arrows=\"off\"><div class=\"slick-list\"><div class=\"slick-track\"><div class=\"vce-simple-image-slider-item vc-slick-item\"><a href=\"https:\/\/www.ihgse.org.br\/wordpress\/wp-content\/uploads\/2018\/07\/3875543173.jpg\" data-lightbox=\"lightbox-d0628b75\" style=\"background-image:url(https:\/\/www.ihgse.org.br\/wordpress\/wp-content\/uploads\/2018\/07\/3875543173.jpg)\" class=\"vce-simple-image-slider-img vce-simple-image-slider-img--scale\"><img decoding=\"async\" class=\"\" src=\"https:\/\/www.ihgse.org.br\/wordpress\/wp-content\/uploads\/2018\/07\/3875543173.jpg\" style=\"opacity:0\" alt=\"\"><\/a><\/div><div class=\"vce-simple-image-slider-item vc-slick-item\"><a href=\"https:\/\/www.ihgse.org.br\/wordpress\/wp-content\/uploads\/2018\/07\/foto-40.jpg\" data-lightbox=\"lightbox-d0628b75\" style=\"background-image:url(https:\/\/www.ihgse.org.br\/wordpress\/wp-content\/uploads\/2018\/07\/foto-40.jpg)\" class=\"vce-simple-image-slider-img vce-simple-image-slider-img--scale\"><img decoding=\"async\" class=\"\" src=\"https:\/\/www.ihgse.org.br\/wordpress\/wp-content\/uploads\/2018\/07\/foto-40.jpg\" style=\"opacity:0\" alt=\"\"><\/a><\/div><div class=\"vce-simple-image-slider-item vc-slick-item\"><a href=\"https:\/\/www.ihgse.org.br\/wordpress\/wp-content\/uploads\/2023\/01\/MG_9406.jpg\" data-lightbox=\"lightbox-d0628b75\" style=\"background-image:url(https:\/\/www.ihgse.org.br\/wordpress\/wp-content\/uploads\/2023\/01\/MG_9406.jpg)\" class=\"vce-simple-image-slider-img vce-simple-image-slider-img--scale\"><img decoding=\"async\" class=\"\" src=\"https:\/\/www.ihgse.org.br\/wordpress\/wp-content\/uploads\/2023\/01\/MG_9406.jpg\" style=\"opacity:0\" alt=\"\"><\/a><\/div><div class=\"vce-simple-image-slider-item vc-slick-item\"><a href=\"https:\/\/www.ihgse.org.br\/wordpress\/wp-content\/uploads\/2023\/01\/DSC_0552-scaled.jpg\" data-lightbox=\"lightbox-d0628b75\" style=\"background-image:url(https:\/\/www.ihgse.org.br\/wordpress\/wp-content\/uploads\/2023\/01\/DSC_0552-scaled.jpg)\" class=\"vce-simple-image-slider-img vce-simple-image-slider-img--scale\"><img decoding=\"async\" class=\"\" src=\"https:\/\/www.ihgse.org.br\/wordpress\/wp-content\/uploads\/2023\/01\/DSC_0552-scaled.jpg\" style=\"opacity:0\" alt=\"\"><\/a><\/div><div class=\"vce-simple-image-slider-item vc-slick-item\"><a href=\"https:\/\/www.ihgse.org.br\/wordpress\/wp-content\/uploads\/2023\/01\/DSC_0664-1-scaled.jpg\" data-lightbox=\"lightbox-d0628b75\" style=\"background-image:url(https:\/\/www.ihgse.org.br\/wordpress\/wp-content\/uploads\/2023\/01\/DSC_0664-1-scaled.jpg)\" class=\"vce-simple-image-slider-img vce-simple-image-slider-img--scale\"><img decoding=\"async\" class=\"\" src=\"https:\/\/www.ihgse.org.br\/wordpress\/wp-content\/uploads\/2023\/01\/DSC_0664-1-scaled.jpg\" style=\"opacity:0\" alt=\"\"><\/a><\/div><div class=\"vce-simple-image-slider-item vc-slick-item\"><a href=\"https:\/\/www.ihgse.org.br\/wordpress\/wp-content\/uploads\/2023\/01\/DSC_0427-scaled.jpg\" data-lightbox=\"lightbox-d0628b75\" style=\"background-image:url(https:\/\/www.ihgse.org.br\/wordpress\/wp-content\/uploads\/2023\/01\/DSC_0427-scaled.jpg)\" class=\"vce-simple-image-slider-img vce-simple-image-slider-img--scale\"><img decoding=\"async\" class=\"\" src=\"https:\/\/www.ihgse.org.br\/wordpress\/wp-content\/uploads\/2023\/01\/DSC_0427-scaled.jpg\" style=\"opacity:0\" alt=\"\"><\/a><\/div><div class=\"vce-simple-image-slider-item vc-slick-item\"><a href=\"https:\/\/www.ihgse.org.br\/wordpress\/wp-content\/uploads\/2023\/01\/DSC_0435-scaled.jpg\" data-lightbox=\"lightbox-d0628b75\" style=\"background-image:url(https:\/\/www.ihgse.org.br\/wordpress\/wp-content\/uploads\/2023\/01\/DSC_0435-scaled.jpg)\" class=\"vce-simple-image-slider-img vce-simple-image-slider-img--scale\"><img decoding=\"async\" class=\"\" src=\"https:\/\/www.ihgse.org.br\/wordpress\/wp-content\/uploads\/2023\/01\/DSC_0435-scaled.jpg\" style=\"opacity:0\" alt=\"\"><\/a><\/div><div class=\"vce-simple-image-slider-item vc-slick-item\"><a href=\"https:\/\/www.ihgse.org.br\/wordpress\/wp-content\/uploads\/2019\/02\/n10.jpg\" data-lightbox=\"lightbox-d0628b75\" style=\"background-image:url(https:\/\/www.ihgse.org.br\/wordpress\/wp-content\/uploads\/2019\/02\/n10.jpg)\" class=\"vce-simple-image-slider-img vce-simple-image-slider-img--scale\"><img decoding=\"async\" class=\"\" src=\"https:\/\/www.ihgse.org.br\/wordpress\/wp-content\/uploads\/2019\/02\/n10.jpg\" style=\"opacity:0\" alt=\"\"><\/a><\/div><div class=\"vce-simple-image-slider-item vc-slick-item\"><a href=\"https:\/\/www.ihgse.org.br\/wordpress\/wp-content\/uploads\/2019\/02\/n05.jpg\" data-lightbox=\"lightbox-d0628b75\" style=\"background-image:url(https:\/\/www.ihgse.org.br\/wordpress\/wp-content\/uploads\/2019\/02\/n05.jpg)\" class=\"vce-simple-image-slider-img vce-simple-image-slider-img--scale\"><img decoding=\"async\" class=\"\" src=\"https:\/\/www.ihgse.org.br\/wordpress\/wp-content\/uploads\/2019\/02\/n05.jpg\" style=\"opacity:0\" alt=\"\"><\/a><\/div><div class=\"vce-simple-image-slider-item vc-slick-item\"><a href=\"https:\/\/www.ihgse.org.br\/wordpress\/wp-content\/uploads\/2019\/02\/n02.jpg\" data-lightbox=\"lightbox-d0628b75\" style=\"background-image:url(https:\/\/www.ihgse.org.br\/wordpress\/wp-content\/uploads\/2019\/02\/n02.jpg)\" class=\"vce-simple-image-slider-img vce-simple-image-slider-img--scale\"><img decoding=\"async\" class=\"\" src=\"https:\/\/www.ihgse.org.br\/wordpress\/wp-content\/uploads\/2019\/02\/n02.jpg\" style=\"opacity:0\" alt=\"\"><\/a><\/div><div class=\"vce-simple-image-slider-item vc-slick-item\"><a href=\"https:\/\/www.ihgse.org.br\/wordpress\/wp-content\/uploads\/2018\/11\/foto-41.jpg\" data-lightbox=\"lightbox-d0628b75\" style=\"background-image:url(https:\/\/www.ihgse.org.br\/wordpress\/wp-content\/uploads\/2018\/11\/foto-41.jpg)\" class=\"vce-simple-image-slider-img vce-simple-image-slider-img--scale\"><img decoding=\"async\" class=\"\" src=\"https:\/\/www.ihgse.org.br\/wordpress\/wp-content\/uploads\/2018\/11\/foto-41.jpg\" style=\"opacity:0\" alt=\"\"><\/a><\/div><\/div><\/div><\/div><div class=\"vce-simple-image-slider-dots\"><\/div><\/div><\/div><\/div><\/div><\/div><\/div><\/div><\/div><\/div><div class=\"vce-row-container\" data-vce-boxed-width=\"true\"><div class=\"vce-row vce-row--col-gap-30 vce-row-equal-height vce-row-content--top\" id=\"el-344be14a\" data-vce-do-apply=\"all el-344be14a\"><div class=\"vce-row-content\" data-vce-element-content=\"true\"><div class=\"vce-col vce-col--md-auto vce-col--xs-1 vce-col--xs-last vce-col--xs-first vce-col--sm-last vce-col--sm-first vce-col--md-last vce-col--lg-last vce-col--xl-last vce-col--md-first vce-col--lg-first vce-col--xl-first\" id=\"el-fcdf750e\"><div class=\"vce-col-inner\" data-vce-do-apply=\"border margin background  el-fcdf750e\"><div class=\"vce-col-content\" data-vce-element-content=\"true\" data-vce-do-apply=\"padding el-fcdf750e\"><div><\/div><\/div><\/div><\/div><\/div><\/div><\/div>","protected":false},"excerpt":{"rendered":"<p>Audit\u00f3rio\u201cSala de Eventos\u201d era assim chamado o Audit\u00f3rio Lourival Baptista, com capacidade para 450 pessoas. Nele s\u00e3o realizadas atividades de cunho hist\u00f3rico, cultural, acad\u00eamica, cient\u00edfico, cola\u00e7\u00e3o de grau, atividades administrativas, congressos, confer\u00eancias, semin\u00e1rios, col\u00f3quios, workshops e atividades afins, tanto para s\u00f3cios como para convidados. Al\u00e9m disso, \u00e9 poss\u00edvel atender a comunidade no servi\u00e7o de loca\u00e7\u00e3o&hellip; <br \/> <a class=\"read-more\" href=\"https:\/\/ihgse.org.br\/wordpress\/auditorio\/\">Leia mais<\/a><\/p>\n","protected":false},"author":5,"featured_media":1863,"parent":0,"menu_order":0,"comment_status":"closed","ping_status":"closed","template":"","meta":{"footnotes":""},"class_list":["post-1971","page","type-page","status-publish","has-post-thumbnail","hentry"],"_links":{"self":[{"href":"https:\/\/ihgse.org.br\/wordpress\/wp-json\/wp\/v2\/pages\/1971","targetHints":{"allow":["GET"]}}],"collection":[{"href":"https:\/\/ihgse.org.br\/wordpress\/wp-json\/wp\/v2\/pages"}],"about":[{"href":"https:\/\/ihgse.org.br\/wordpress\/wp-json\/wp\/v2\/types\/page"}],"author":[{"embeddable":true,"href":"https:\/\/ihgse.org.br\/wordpress\/wp-json\/wp\/v2\/users\/5"}],"replies":[{"embeddable":true,"href":"https:\/\/ihgse.org.br\/wordpress\/wp-json\/wp\/v2\/comments?post=1971"}],"version-history":[{"count":4,"href":"https:\/\/ihgse.org.br\/wordpress\/wp-json\/wp\/v2\/pages\/1971\/revisions"}],"predecessor-version":[{"id":1983,"href":"https:\/\/ihgse.org.br\/wordpress\/wp-json\/wp\/v2\/pages\/1971\/revisions\/1983"}],"wp:featuredmedia":[{"embeddable":true,"href":"https:\/\/ihgse.org.br\/wordpress\/wp-json\/wp\/v2\/media\/1863"}],"wp:attachment":[{"href":"https:\/\/ihgse.org.br\/wordpress\/wp-json\/wp\/v2\/media?parent=1971"}],"curies":[{"name":"wp","href":"https:\/\/api.w.org\/{rel}","templated":true}]}}