{"id":260,"date":"2018-11-01T00:42:03","date_gmt":"2018-11-01T03:42:03","guid":{"rendered":"http:\/\/www.ihgse.org.br\/wordpress\/?page_id=260"},"modified":"2018-11-01T00:42:03","modified_gmt":"2018-11-01T03:42:03","slug":"o-que-temos","status":"publish","type":"page","link":"https:\/\/ihgse.org.br\/wordpress\/o-que-temos\/","title":{"rendered":"O Que Temos"},"content":{"rendered":"<p>O Instituto Hist\u00f3rico e Geogr\u00e1fico de Sergipe, em raz\u00e3o da sua finalidade, expressa desde o seu primeiro Estatuto (1912), reuniu ao longo do tempo acervos importantes ligados \u00e0 ideia de valorizar os estudos hist\u00f3ricos, geogr\u00e1ficos, culturais, arqueol\u00f3gicos, paleontol\u00f3gicos, art\u00edsticos e antropol\u00f3gicos que balizam a vida sergipana<\/p>\n<p>(&#8230;) Art. 3\u00ba. Os fins do Instituto s\u00e3o promover o estudo, animar o desenvolvimento intelectual e c\u00edvico do povo sergipano , o conhecimento da geografia e a da hist\u00f3ria em todos os seus ramos e aplica\u00e7\u00f5es \u00e0 vida social, pol\u00edtica e econ\u00f4mica do pa\u00eds, especializando-se\u00a0 os seus trabalhos concernentes ao Estado de Sergipe.<\/p>\n<p>Art. 4\u00ba. O Instituto cumprir\u00e1 os seus fins: celebrando sess\u00f5es, e confer\u00eancias p\u00fablicas, onde poder\u00e3o ser discutidos os assuntos de natureza cient\u00edfica e liter\u00e1ria; coligindo, conservando e classificando documentos, livros, cartas geogr\u00e1ficas e outros objetos que possam fornecer elementos de informa\u00e7\u00e3o e devam constituir uma biblioteca, um arquivo e um museu. Sendo-lhe ainda permitido entreter rela\u00e7\u00f5es com os demais Institutos e manter anualmente uma revista e um curso de geografia e hist\u00f3ria p\u00e1trias (Estatuto do Instituto Hist\u00f3rico e Geogr\u00e1fico de Sergipe, aprovado em 22.08.1912).<\/p>\n<p>Assim, aos poucos, o Instituto foi formando suas cole\u00e7\u00f5es, em geral doadas por s\u00f3cios e amigos da Cultura. Nem ter vivido seus primeiros tempos de Herodes para Pilatos, ocupando salas em pr\u00e9dios p\u00fablicos, sempre emprestadas, ou casas alugadas, at\u00e9 encontrar um pouso definitivo, pr\u00f3prio, na imponente sede localizada na rua Itabaianinha, foi empecilho para reunir pe\u00e7as, objetos, artefatos, documentos, telas, fotos, etc., e para definir unidades organizacionais internas: Arquivo, Biblioteca, Hemeroteca, Museu e Pinacoteca.<\/p>\n<p>Vamos referenciar esses espa\u00e7os.<\/p>\n","protected":false},"excerpt":{"rendered":"<p>O Instituto Hist\u00f3rico e Geogr\u00e1fico de Sergipe, em raz\u00e3o da sua finalidade, expressa desde o seu primeiro Estatuto (1912), reuniu ao longo do tempo acervos importantes ligados \u00e0 ideia de valorizar os estudos hist\u00f3ricos, geogr\u00e1ficos, culturais, arqueol\u00f3gicos, paleontol\u00f3gicos, art\u00edsticos e antropol\u00f3gicos que balizam a vida sergipana (&#8230;) Art. 3\u00ba. Os fins do Instituto s\u00e3o promover&hellip; <br \/> <a class=\"read-more\" href=\"https:\/\/ihgse.org.br\/wordpress\/o-que-temos\/\">Leia mais<\/a><\/p>\n","protected":false},"author":5,"featured_media":0,"parent":0,"menu_order":0,"comment_status":"closed","ping_status":"closed","template":"","meta":{"footnotes":""},"class_list":["post-260","page","type-page","status-publish","hentry"],"_links":{"self":[{"href":"https:\/\/ihgse.org.br\/wordpress\/wp-json\/wp\/v2\/pages\/260","targetHints":{"allow":["GET"]}}],"collection":[{"href":"https:\/\/ihgse.org.br\/wordpress\/wp-json\/wp\/v2\/pages"}],"about":[{"href":"https:\/\/ihgse.org.br\/wordpress\/wp-json\/wp\/v2\/types\/page"}],"author":[{"embeddable":true,"href":"https:\/\/ihgse.org.br\/wordpress\/wp-json\/wp\/v2\/users\/5"}],"replies":[{"embeddable":true,"href":"https:\/\/ihgse.org.br\/wordpress\/wp-json\/wp\/v2\/comments?post=260"}],"version-history":[{"count":1,"href":"https:\/\/ihgse.org.br\/wordpress\/wp-json\/wp\/v2\/pages\/260\/revisions"}],"predecessor-version":[{"id":261,"href":"https:\/\/ihgse.org.br\/wordpress\/wp-json\/wp\/v2\/pages\/260\/revisions\/261"}],"wp:attachment":[{"href":"https:\/\/ihgse.org.br\/wordpress\/wp-json\/wp\/v2\/media?parent=260"}],"curies":[{"name":"wp","href":"https:\/\/api.w.org\/{rel}","templated":true}]}}