{"id":41,"date":"2018-09-06T12:36:12","date_gmt":"2018-09-06T15:36:12","guid":{"rendered":"http:\/\/www.ihgse.org.br\/wordpress\/?page_id=41"},"modified":"2023-01-31T14:41:55","modified_gmt":"2023-01-31T17:41:55","slug":"biblioteca","status":"publish","type":"page","link":"https:\/\/ihgse.org.br\/wordpress\/biblioteca\/","title":{"rendered":""},"content":{"rendered":"<div class=\"vce-row-container\" data-vce-boxed-width=\"true\"><div class=\"vce-row vce-row--col-gap-30 vce-row-equal-height vce-row-content--top\" id=\"el-8f3d2789\" data-vce-do-apply=\"all el-8f3d2789\"><div class=\"vce-content-background-container\"><\/div><div class=\"vce-row-content\" data-vce-element-content=\"true\"><div class=\"vce-col vce-col--md-53p vce-col--xs-1 vce-col--xs-last vce-col--xs-first vce-col--sm-last vce-col--sm-first vce-col--md-first vce-col--lg-first vce-col--xl-first\" id=\"el-5d68cce6\"><div class=\"vce-col-inner\" data-vce-do-apply=\"border margin background  el-5d68cce6\"><div class=\"vce-col-content\" data-vce-element-content=\"true\" data-vce-do-apply=\"padding el-5d68cce6\"><div class=\"vce-text-block\"><div class=\"vce-text-block-wrapper vce\" id=\"el-e56287a1\" data-vce-do-apply=\"all el-e56287a1\"><h2><strong><span style=\"font-size: 16pt;\">Biblioteca<\/span><\/strong><\/h2><\/div><\/div><div class=\"vce-text-block\"><div class=\"vce-text-block-wrapper vce\" id=\"el-79230b52\" data-vce-do-apply=\"all el-79230b52\"><p>A busca por informa\u00e7\u00e3o e a necessidade de frui\u00e7\u00e3o de um espa\u00e7o cultural e de mem\u00f3ria, s\u00e3o fatores que colocam&nbsp;a biblioteca, o arquivo, e o museu como mediadores de vital import\u00e2ncia para o desenvolvimento de uma sociedade. Foi com base nisso, que Florentino Meneses e mais 22 intelectuais sonhadores fundaram o IHGSE.<\/p>\n<p>&nbsp;O Instituto tem por finalidade: salvar, tratar, guardar e disseminar a informa\u00e7\u00e3o sobre Cultura, Hist\u00f3ria Sergipana. Al\u00e9m disso, mostrar ao cidad\u00e3o, que ele pode ter acesso, compreender e participar de fatos hist\u00f3ricos sem paternalismos. A biblioteca Rodrigues D\u00f3ria cresceu e veio ent\u00e3o a necessidade de separar a produ\u00e7\u00e3o intelectual de Sergipe, a qual foi chamada de Se\u00e7\u00e3o Sergipana, nome que &nbsp;permaneceu at\u00e9 2020, quando da cria\u00e7\u00e3o da Biblioteca Manoel Bomfim. &nbsp;&nbsp;<\/p>\n<p>Em 11 de setembro de 2020 nasce a Manoel Bomfim. Como toda biblioteca um verdadeiro organismo vivo para, e com seu p\u00fablico, tendo como base sua <strong>Pol\u00edtica(<a href=\"https:\/\/www.ihgse.org.br\/wordpress\/wp-content\/uploads\/2023\/01\/POLITICA-DE-AQUISICAO-DA-BIB-IHGSE-1.pdf\">Clique aqui para conferir<\/a><\/strong><strong>) e Regulamento(<a href=\"https:\/\/www.ihgse.org.br\/wordpress\/wp-content\/uploads\/2022\/12\/REGULAMENTO-ULTIMA-VERSAO-18.01.2021..pdf\">Clique aqui para conferir<\/a>). C<\/strong>ontemplando o Estatuto da institui\u00e7\u00e3o, o interesse p\u00fablico, assim como, respeitando os processos e etapas da Biblioteconomia, usando a clareza e objetividade que s\u00e3o elementos essenciais para uma constru\u00e7\u00e3o democr\u00e1tica.<\/p>\n<p>A BMB atualmente disponibiliza 11.913 &nbsp;(onze mil e novecentos) exemplares distribu\u00eddos entre: livros, dicion\u00e1rios, almanaques, C\u00f3dice da Sesmarias, folhetos, mapas, m\u00eddia, e peri\u00f3dicos (artigos, jornais e revistas), todos catalogados pelo <em>C\u00f3digo de Cataloga\u00e7\u00e3o Anglo-Americano<\/em> (AACR2) e classificados pela Classifica\u00e7\u00e3o Decimal Universal (CDU), automatizados em Base de Dados Eletr\u00f4nica Biblivre. &nbsp;Quanto aos servi\u00e7os, a consulta \u00e9 local e remota o empr\u00e9stimo \u00e9 local, mediante solicita\u00e7\u00e3o aos estagi\u00e1rios conforme Regulamento&nbsp;<\/p>\n<p style=\"text-align: right;\"><span style=\"font-size: 10pt;\">Ros\u00e2ngela&nbsp; Soares, <\/span><\/p>\n<p style=\"text-align: right;\"><span style=\"font-size: 10pt;\">Dir. de Biblioteca e Arquivo<\/span><\/p><\/div><\/div><\/div><\/div><\/div><div class=\"vce-col vce-col--md-47p vce-col--xs-1 vce-col--xs-last vce-col--xs-first vce-col--sm-last vce-col--sm-first vce-col--md-last vce-col--lg-last vce-col--xl-last\" id=\"el-c4f72e33\"><div class=\"vce-col-inner\" data-vce-do-apply=\"border margin background  el-c4f72e33\"><div class=\"vce-col-content\" data-vce-element-content=\"true\" data-vce-do-apply=\"padding el-c4f72e33\"><div class=\"vce-simple-image-slider\" style=\"--backgroundPosition:center center; --pointerColor:#fff; --pointerColorHover:#fd9a00;\"><div class=\"vce-simple-image-slider-wrapper vce\" id=\"el-e074e3ba\" data-vce-do-apply=\"all el-e074e3ba\"><div class=\"vce-simple-image-slider-helper vce-simple-image-slider-aspect-ratio--3-4\"><div class=\"vce-simple-image-slider-list\" data-slick-autoplay=\"on\" data-slick-autoplay-delay=\"2000\" data-slick-effect=\"slideIn\" data-slick-dots=\"on\" data-slick-arrows=\"off\"><div class=\"slick-list\"><div class=\"slick-track\"><div class=\"vce-simple-image-slider-item vc-slick-item\"><a href=\"https:\/\/www.ihgse.org.br\/wordpress\/wp-content\/uploads\/2022\/12\/IMG_20221220_150950-scaled.jpg\" data-lightbox=\"lightbox-e074e3ba\" style=\"background-image:url(https:\/\/www.ihgse.org.br\/wordpress\/wp-content\/uploads\/2022\/12\/IMG_20221220_150950-scaled.jpg)\" class=\"vce-simple-image-slider-img vce-simple-image-slider-img--scale\"><img decoding=\"async\" class=\"\" src=\"https:\/\/www.ihgse.org.br\/wordpress\/wp-content\/uploads\/2022\/12\/IMG_20221220_150950-scaled.jpg\" style=\"opacity:0\" alt=\"\"><\/a><\/div><div class=\"vce-simple-image-slider-item vc-slick-item\"><a href=\"https:\/\/www.ihgse.org.br\/wordpress\/wp-content\/uploads\/2022\/12\/IMG_20221220_145359-scaled.jpg\" data-lightbox=\"lightbox-e074e3ba\" style=\"background-image:url(https:\/\/www.ihgse.org.br\/wordpress\/wp-content\/uploads\/2022\/12\/IMG_20221220_145359-scaled.jpg)\" class=\"vce-simple-image-slider-img vce-simple-image-slider-img--scale\"><img decoding=\"async\" class=\"\" src=\"https:\/\/www.ihgse.org.br\/wordpress\/wp-content\/uploads\/2022\/12\/IMG_20221220_145359-scaled.jpg\" style=\"opacity:0\" alt=\"\"><\/a><\/div><div class=\"vce-simple-image-slider-item vc-slick-item\"><a href=\"https:\/\/www.ihgse.org.br\/wordpress\/wp-content\/uploads\/2022\/12\/IMG_20221220_150929-scaled.jpg\" data-lightbox=\"lightbox-e074e3ba\" style=\"background-image:url(https:\/\/www.ihgse.org.br\/wordpress\/wp-content\/uploads\/2022\/12\/IMG_20221220_150929-scaled.jpg)\" class=\"vce-simple-image-slider-img vce-simple-image-slider-img--scale\"><img decoding=\"async\" class=\"\" src=\"https:\/\/www.ihgse.org.br\/wordpress\/wp-content\/uploads\/2022\/12\/IMG_20221220_150929-scaled.jpg\" style=\"opacity:0\" alt=\"\"><\/a><\/div><div class=\"vce-simple-image-slider-item vc-slick-item\"><a href=\"https:\/\/www.ihgse.org.br\/wordpress\/wp-content\/uploads\/2022\/12\/LRM_20221220_145920-scaled.jpg\" data-lightbox=\"lightbox-e074e3ba\" style=\"background-image:url(https:\/\/www.ihgse.org.br\/wordpress\/wp-content\/uploads\/2022\/12\/LRM_20221220_145920-scaled.jpg)\" class=\"vce-simple-image-slider-img vce-simple-image-slider-img--scale\"><img decoding=\"async\" class=\"\" src=\"https:\/\/www.ihgse.org.br\/wordpress\/wp-content\/uploads\/2022\/12\/LRM_20221220_145920-scaled.jpg\" style=\"opacity:0\" alt=\"\"><\/a><\/div><div class=\"vce-simple-image-slider-item vc-slick-item\"><a href=\"https:\/\/www.ihgse.org.br\/wordpress\/wp-content\/uploads\/2022\/12\/LRM_20221220_145859-scaled.jpg\" data-lightbox=\"lightbox-e074e3ba\" style=\"background-image:url(https:\/\/www.ihgse.org.br\/wordpress\/wp-content\/uploads\/2022\/12\/LRM_20221220_145859-scaled.jpg)\" class=\"vce-simple-image-slider-img vce-simple-image-slider-img--scale\"><img decoding=\"async\" class=\"\" src=\"https:\/\/www.ihgse.org.br\/wordpress\/wp-content\/uploads\/2022\/12\/LRM_20221220_145859-scaled.jpg\" style=\"opacity:0\" alt=\"\"><\/a><\/div><\/div><\/div><\/div><div class=\"vce-simple-image-slider-dots\"><\/div><\/div><\/div><\/div><\/div><\/div><\/div><\/div><\/div><\/div><div class=\"vce-row-container\" data-vce-boxed-width=\"true\"><div class=\"vce-row vce-row--col-gap-30 vce-row-equal-height vce-row-content--top\" id=\"el-17d54347\" data-vce-do-apply=\"all el-17d54347\"><div class=\"vce-content-background-container\"><\/div><div class=\"vce-row-content\" data-vce-element-content=\"true\"><div class=\"vce-col vce-col--md-14p vce-col--xs-1 vce-col--xs-last vce-col--xs-first vce-col--sm-last vce-col--sm-first vce-col--md-first vce-col--lg-first vce-col--xl-first\" id=\"el-4e60c286\"><div class=\"vce-col-inner\" data-vce-do-apply=\"border margin background  el-4e60c286\"><div class=\"vce-col-content\" data-vce-element-content=\"true\" data-vce-do-apply=\"padding el-4e60c286\"><div class=\"vce-features vce-var-icon vce-features--style-filled-circle vce-features--size-tiny\" style=\"--text-align:center; --iconColor:#fff; --iconColorHover:rgb(10, 37, 78); --shapeColor:rgb(10, 37, 78); --shapeColorHover:rgb(255, 255, 255); --linkColorHover:rgb(255, 255, 255);\"><div id=\"el-9713f7e8\" class=\"vce vce-features-icon-wrapper\" data-vce-do-apply=\"all el-9713f7e8\"><a class=\"vce-features--icon vce-icon\" href=\"https:\/\/ihgse.org.br\/wordpress\/manoel-bomfim\/\" title=\"Thetis Nunes\" target=\"_blank\" rel=\"noopener\"><svg xmlns=\"https:\/\/www.w3.org\/2000\/svg\" viewBox=\"0 0 769 769\"><path stroke-width=\"25\" d=\"M565.755 696.27h-360l-180-311.77 180-311.77h360l180 311.77z\"><\/path><\/svg><span class=\"vce-icon-container far fa-user-circle\"><\/span><\/a><\/div><\/div><\/div><\/div><\/div><div class=\"vce-col vce-col--md-36p vce-col--xs-1 vce-col--xs-last vce-col--xs-first vce-col--sm-last vce-col--sm-first\" id=\"el-735f2c51\"><div class=\"vce-col-inner\" data-vce-do-apply=\"border margin background  el-735f2c51\"><div class=\"vce-col-content\" data-vce-element-content=\"true\" data-vce-do-apply=\"padding el-735f2c51\"><div class=\"vce-text-block\"><div class=\"vce-text-block-wrapper vce\" id=\"el-5b89bba1\" data-vce-do-apply=\"all el-5b89bba1\"><p>Para saber sobre <a href=\"https:\/\/ihgse.org.br\/wordpress\/manoel-bomfim\/\" target=\"_blank\" rel=\"noopener\">Manuel Bomfim clique aqui<\/a><\/p><\/div><\/div><\/div><\/div><\/div><div class=\"vce-col vce-col--md-50p vce-col--xs-1 vce-col--xs-last vce-col--xs-first vce-col--sm-last vce-col--sm-first vce-col--md-last vce-col--lg-last vce-col--xl-last\" id=\"el-d409cdb3\"><div class=\"vce-col-inner\" data-vce-do-apply=\"border margin background  el-d409cdb3\"><div class=\"vce-col-content\" data-vce-element-content=\"true\" data-vce-do-apply=\"padding el-d409cdb3\"><div class=\"vce-text-block\"><div class=\"vce-text-block-wrapper vce\" id=\"el-5c85b41c\" data-vce-do-apply=\"all el-5c85b41c\"><h2><span style=\"font-size: 14pt; font-weight: 400; font-style: normal;\"><a href=\"https:\/\/www.planalto.gov.br\/ccivil_03\/_ato2011-2014\/2011\/lei\/l12527.htm\" target=\"_blank\" rel=\"noopener\">Lei de Acesso a informa\u00e7\u00e3o<\/a><\/span><\/h2><p><span style=\"font-size: 14pt;\"><a href=\"https:\/\/www.planalto.gov.br\/ccivil_03\/leis\/l9610.htm\" target=\"_blank\" rel=\"noopener\">Lei de Direitos Autorais<\/a><\/span><\/p><\/div><\/div><\/div><\/div><\/div><\/div><\/div><\/div><div class=\"vce-row-container\" data-vce-boxed-width=\"true\"><div class=\"vce-row vce-row--col-gap-30 vce-row-equal-height vce-row-content--top\" id=\"el-cddd6e97\" data-vce-do-apply=\"all el-cddd6e97\"><div class=\"vce-content-background-container\"><\/div><div class=\"vce-row-content\" data-vce-element-content=\"true\"><div class=\"vce-col vce-col--md-auto vce-col--xs-1 vce-col--xs-last vce-col--xs-first vce-col--sm-last vce-col--sm-first vce-col--md-first vce-col--lg-first vce-col--xl-first\" id=\"el-c01f0bdc\"><div class=\"vce-col-inner\" data-vce-do-apply=\"border margin background  el-c01f0bdc\"><div class=\"vce-col-content\" data-vce-element-content=\"true\" data-vce-do-apply=\"padding el-c01f0bdc\"><div class=\"vce-single-image-container vce-single-image--align-left\"><div class=\"vce vce-single-image-wrapper\" id=\"el-9e8100ca\" data-vce-do-apply=\"all el-9e8100ca\"><figure><div class=\"vce-single-image-figure-inner\" style=\"width: 800px;\"><a href=\"https:\/\/ihgse.org.br\/wordpress\/hemeroteca\/\" title=\"hermeroteca\" target=\"_blank\" class=\"vce-single-image-inner vce-single-image--absolute\" style=\"width: 100%; padding-bottom: 100%;\" rel=\"noopener\"><img loading=\"lazy\" decoding=\"async\" class=\"vce-single-image\"  width=\"800\" height=\"800\" srcset=\"https:\/\/www.ihgse.org.br\/wordpress\/wp-content\/uploads\/2023\/01\/Hermeroteca-320x320.png 320w, https:\/\/www.ihgse.org.br\/wordpress\/wp-content\/uploads\/2023\/01\/Hermeroteca-480x480.png 480w, https:\/\/www.ihgse.org.br\/wordpress\/wp-content\/uploads\/2023\/01\/Hermeroteca-800x800.png 800w\" src=\"https:\/\/www.ihgse.org.br\/wordpress\/wp-content\/uploads\/2023\/01\/Hermeroteca-800x800.png\" data-img-src=\"https:\/\/www.ihgse.org.br\/wordpress\/wp-content\/uploads\/2023\/01\/Hermeroteca.png\" data-attachment-id=\"1684\"  alt=\"\" title=\"Hermeroteca\" \/><\/a><\/div><figcaption hidden=\"\"><\/figcaption><\/figure><\/div><\/div><\/div><\/div><\/div><div class=\"vce-col vce-col--md-auto vce-col--xs-1 vce-col--xs-last vce-col--xs-first vce-col--sm-last vce-col--sm-first\" id=\"el-ef7e805b\"><div class=\"vce-col-inner\" data-vce-do-apply=\"border margin background  el-ef7e805b\"><div class=\"vce-col-content\" data-vce-element-content=\"true\" data-vce-do-apply=\"padding el-ef7e805b\"><div class=\"vce-single-image-container vce-single-image--align-left\"><div class=\"vce vce-single-image-wrapper\" id=\"el-121fbb43\" data-vce-do-apply=\"all el-121fbb43\"><figure><div class=\"vce-single-image-figure-inner\" style=\"width: 800px;\"><a href=\"http:\/\/www.youtube.com\/@institutohistoricoegeograf165\" title=\"canal no youTube\" target=\"_blank\" class=\"vce-single-image-inner vce-single-image--absolute\" style=\"width: 100%; padding-bottom: 100%;\" rel=\"noopener\"><img loading=\"lazy\" decoding=\"async\" class=\"vce-single-image\"  width=\"800\" height=\"800\" srcset=\"https:\/\/www.ihgse.org.br\/wordpress\/wp-content\/uploads\/2023\/01\/You-Tube-320x320.png 320w, https:\/\/www.ihgse.org.br\/wordpress\/wp-content\/uploads\/2023\/01\/You-Tube-480x480.png 480w, https:\/\/www.ihgse.org.br\/wordpress\/wp-content\/uploads\/2023\/01\/You-Tube-800x800.png 800w\" src=\"https:\/\/www.ihgse.org.br\/wordpress\/wp-content\/uploads\/2023\/01\/You-Tube-800x800.png\" data-img-src=\"https:\/\/www.ihgse.org.br\/wordpress\/wp-content\/uploads\/2023\/01\/You-Tube.png\" data-attachment-id=\"1687\"  alt=\"\" title=\"You Tube\" \/><\/a><\/div><figcaption hidden=\"\"><\/figcaption><\/figure><\/div><\/div><\/div><\/div><\/div><div class=\"vce-col vce-col--md-auto vce-col--xs-1 vce-col--xs-last vce-col--xs-first vce-col--sm-last vce-col--sm-first\" id=\"el-4a216aaf\"><div class=\"vce-col-inner\" data-vce-do-apply=\"border margin background  el-4a216aaf\"><div class=\"vce-col-content\" data-vce-element-content=\"true\" data-vce-do-apply=\"padding el-4a216aaf\"><div class=\"vce-single-image-container vce-single-image--align-left\"><div class=\"vce vce-single-image-wrapper\" id=\"el-10a9f278\" data-vce-do-apply=\"all el-10a9f278\"><figure><div class=\"vce-single-image-figure-inner\" style=\"width: 800px;\"><a href=\"https:\/\/ihgse.org.br\/wordpress\/revistasihgse\/\" title=\"revistaihgse\" target=\"_blank\" class=\"vce-single-image-inner vce-single-image--absolute\" style=\"width: 100%; padding-bottom: 100%;\" rel=\"noopener\"><img loading=\"lazy\" decoding=\"async\" class=\"vce-single-image\"  width=\"800\" height=\"800\" srcset=\"https:\/\/www.ihgse.org.br\/wordpress\/wp-content\/uploads\/2023\/01\/Revista-IHGSE-320x320.png 320w, https:\/\/www.ihgse.org.br\/wordpress\/wp-content\/uploads\/2023\/01\/Revista-IHGSE-480x480.png 480w, https:\/\/www.ihgse.org.br\/wordpress\/wp-content\/uploads\/2023\/01\/Revista-IHGSE-800x800.png 800w\" src=\"https:\/\/www.ihgse.org.br\/wordpress\/wp-content\/uploads\/2023\/01\/Revista-IHGSE-800x800.png\" data-img-src=\"https:\/\/www.ihgse.org.br\/wordpress\/wp-content\/uploads\/2023\/01\/Revista-IHGSE.png\" data-attachment-id=\"1686\"  alt=\"\" title=\"Revista IHGSE\" \/><\/a><\/div><figcaption hidden=\"\"><\/figcaption><\/figure><\/div><\/div><\/div><\/div><\/div><div class=\"vce-col vce-col--md-auto vce-col--xs-1 vce-col--xs-last vce-col--xs-first vce-col--sm-last vce-col--sm-first vce-col--md-last vce-col--lg-last vce-col--xl-last\" id=\"el-003779b5\"><div class=\"vce-col-inner\" data-vce-do-apply=\"border margin background  el-003779b5\"><div class=\"vce-col-content\" data-vce-element-content=\"true\" data-vce-do-apply=\"padding el-003779b5\"><div class=\"vce-single-image-container vce-single-image--align-left\"><div class=\"vce vce-single-image-wrapper\" id=\"el-bd3d0633\" data-vce-do-apply=\"all el-bd3d0633\"><figure><div class=\"vce-single-image-figure-inner\" style=\"width: 800px;\"><a href=\"http:\/\/bndigital.bn.gov.br\/\" title=\"\" target=\"_blank\" class=\"vce-single-image-inner vce-single-image--absolute\" style=\"width: 100%; padding-bottom: 100%;\" rel=\"noopener\"><img loading=\"lazy\" decoding=\"async\" class=\"vce-single-image\"  width=\"800\" height=\"800\" srcset=\"https:\/\/www.ihgse.org.br\/wordpress\/wp-content\/uploads\/2023\/01\/Biblioteca-Nacional-320x320.png 320w, https:\/\/www.ihgse.org.br\/wordpress\/wp-content\/uploads\/2023\/01\/Biblioteca-Nacional-480x480.png 480w, https:\/\/www.ihgse.org.br\/wordpress\/wp-content\/uploads\/2023\/01\/Biblioteca-Nacional-800x800.png 800w\" src=\"https:\/\/www.ihgse.org.br\/wordpress\/wp-content\/uploads\/2023\/01\/Biblioteca-Nacional-800x800.png\" data-img-src=\"https:\/\/www.ihgse.org.br\/wordpress\/wp-content\/uploads\/2023\/01\/Biblioteca-Nacional.png\" data-attachment-id=\"1683\"  alt=\"\" title=\"Biblioteca Nacional\" \/><\/a><\/div><figcaption hidden=\"\"><\/figcaption><\/figure><\/div><\/div><\/div><\/div><\/div><\/div><\/div><\/div>\n","protected":false},"excerpt":{"rendered":"<p>BibliotecaA busca por informa\u00e7\u00e3o e a necessidade de frui\u00e7\u00e3o de um espa\u00e7o cultural e de mem\u00f3ria, s\u00e3o fatores que colocam&nbsp;a biblioteca, o arquivo, e o museu como mediadores de vital import\u00e2ncia para o desenvolvimento de uma sociedade. Foi com base nisso, que Florentino Meneses e mais 22 intelectuais sonhadores fundaram o IHGSE. &nbsp;O Instituto tem&hellip; <br \/> <a class=\"read-more\" href=\"https:\/\/ihgse.org.br\/wordpress\/biblioteca\/\">Leia mais<\/a><\/p>\n","protected":false},"author":5,"featured_media":1466,"parent":0,"menu_order":0,"comment_status":"closed","ping_status":"closed","template":"","meta":{"footnotes":""},"class_list":["post-41","page","type-page","status-publish","has-post-thumbnail","hentry"],"_links":{"self":[{"href":"https:\/\/ihgse.org.br\/wordpress\/wp-json\/wp\/v2\/pages\/41","targetHints":{"allow":["GET"]}}],"collection":[{"href":"https:\/\/ihgse.org.br\/wordpress\/wp-json\/wp\/v2\/pages"}],"about":[{"href":"https:\/\/ihgse.org.br\/wordpress\/wp-json\/wp\/v2\/types\/page"}],"author":[{"embeddable":true,"href":"https:\/\/ihgse.org.br\/wordpress\/wp-json\/wp\/v2\/users\/5"}],"replies":[{"embeddable":true,"href":"https:\/\/ihgse.org.br\/wordpress\/wp-json\/wp\/v2\/comments?post=41"}],"version-history":[{"count":41,"href":"https:\/\/ihgse.org.br\/wordpress\/wp-json\/wp\/v2\/pages\/41\/revisions"}],"predecessor-version":[{"id":1993,"href":"https:\/\/ihgse.org.br\/wordpress\/wp-json\/wp\/v2\/pages\/41\/revisions\/1993"}],"wp:featuredmedia":[{"embeddable":true,"href":"https:\/\/ihgse.org.br\/wordpress\/wp-json\/wp\/v2\/media\/1466"}],"wp:attachment":[{"href":"https:\/\/ihgse.org.br\/wordpress\/wp-json\/wp\/v2\/media?parent=41"}],"curies":[{"name":"wp","href":"https:\/\/api.w.org\/{rel}","templated":true}]}}