{"id":43,"date":"2018-09-06T12:36:18","date_gmt":"2018-09-06T15:36:18","guid":{"rendered":"http:\/\/www.ihgse.org.br\/wordpress\/?page_id=43"},"modified":"2023-02-14T13:28:54","modified_gmt":"2023-02-14T16:28:54","slug":"hemeroteca","status":"publish","type":"page","link":"https:\/\/ihgse.org.br\/wordpress\/hemeroteca\/","title":{"rendered":""},"content":{"rendered":"<div class=\"vce-row-container\" data-vce-boxed-width=\"true\"><div class=\"vce-row vce-row--col-gap-30 vce-row-equal-height vce-row-content--top\" id=\"el-70ace45e\" data-vce-do-apply=\"all el-70ace45e\"><div class=\"vce-content-background-container\"><\/div><div class=\"vce-row-content\" data-vce-element-content=\"true\"><div class=\"vce-col vce-col--md-50p vce-col--xs-1 vce-col--xs-last vce-col--xs-first vce-col--sm-last vce-col--sm-first vce-col--md-first vce-col--lg-first vce-col--xl-first\" id=\"el-60ed1e8f\"><div class=\"vce-col-inner\" data-vce-do-apply=\"border margin background  el-60ed1e8f\"><div class=\"vce-col-content\" data-vce-element-content=\"true\" data-vce-do-apply=\"padding el-60ed1e8f\"><div class=\"vce-text-block\"><div class=\"vce-text-block-wrapper vce\" id=\"el-853ba717\" data-vce-do-apply=\"all el-853ba717\"><\/div><\/div><div class=\"vce-text-block\"><div class=\"vce-text-block-wrapper vce\" id=\"el-2c1cf404\" data-vce-do-apply=\"all el-2c1cf404\"><p><span style=\"font-size: 16pt;\"><strong>Hermeroteca<\/strong><\/span><\/p><p>\u00c9 um setor\/se\u00e7\u00e3o da biblioteca reservada(o) \u00e0 guarda, cust\u00f3dia e conserva\u00e7\u00e3o de cole\u00e7\u00f5es de peri\u00f3dicos tais como: jornais, revistas e outras publica\u00e7\u00f5es editadas em s\u00e9rie.<\/p><p>A hemeroteca do IHGSE tem por objetivo guardar, conservar e divulgar o acervo hist\u00f3rico de publica\u00e7\u00f5es peri\u00f3dicas, em especial os jornais mais importantes editados e publicados em Sergipe a partir do s\u00e9culo XIX e XX, assim como revistas. Entre as publica\u00e7\u00f5es mais antigas est\u00e3o: o jornal \u201cO Democrata \u2013 1835\u201d, \u201cCorreio Sergipe \u2013 1890\u201d, \u201cO Estado de Sergipe \u2013 1905\u201d, \u201cRevista do IHGSE - 1913\u201d e \u201cAlvorada - 1946\u201d, entre outros, selecionados, organizados e estruturados em formato digital em m\u00eddia (CDs) e acess\u00edveis atrav\u00e9s do site da UFS e da Biblioteca Nacional.<\/p><\/div><\/div><div class=\"vce-text-block\"><div class=\"vce-text-block-wrapper vce\" id=\"el-cd66229a\" data-vce-do-apply=\"all el-cd66229a\"><p>Grande parte da documenta\u00e7\u00e3o n\u00e3o \u00e9 circulante em fun\u00e7\u00e3o da situa\u00e7\u00e3o f\u00edsica dessa documenta\u00e7\u00e3o.&nbsp;<\/p><\/div><\/div><div class=\"vce-text-block\"><div class=\"vce-text-block-wrapper vce\" id=\"el-1fd21912\" data-vce-do-apply=\"all el-1fd21912\"><p style=\"text-align: right;\"><span style=\"font-size: 10pt;\">Ros\u00e2ngela&nbsp; Soares, <\/span><\/p>\n<p style=\"text-align: right;\"><span style=\"font-size: 10pt;\">Dir. de Biblioteca e Arquivo<\/span><\/p><\/div><\/div><\/div><\/div><\/div><div class=\"vce-col vce-col--md-50p vce-col--xs-1 vce-col--xs-last vce-col--xs-first vce-col--sm-last vce-col--sm-first vce-col--md-last vce-col--lg-last vce-col--xl-last\" id=\"el-9cfd341e\"><div class=\"vce-col-inner\" data-vce-do-apply=\"border margin background  el-9cfd341e\"><div class=\"vce-col-content\" data-vce-element-content=\"true\" data-vce-do-apply=\"padding el-9cfd341e\"><div class=\"vce-simple-image-slider\" data-photoswipe-gallery=\"2334d94e\" style=\"--backgroundPosition:center center; --pointerColor:#fff; --pointerColorHover:#fd9a00;\"><div class=\"vce-simple-image-slider-wrapper vce\" id=\"el-2334d94e\" data-vce-do-apply=\"all el-2334d94e\"><div class=\"vce-simple-image-slider-helper vce-simple-image-slider-aspect-ratio--3-4\"><div class=\"vce-simple-image-slider-list\" data-slick-autoplay=\"on\" data-slick-autoplay-delay=\"3000\" data-slick-effect=\"slideIn\" data-slick-dots=\"on\" data-slick-arrows=\"off\"><div class=\"slick-list\"><div class=\"slick-track\"><div class=\"vce-simple-image-slider-item vc-slick-item\" data-photoswipe-item=\"photoswipe-2334d94e\"><a href=\"https:\/\/www.ihgse.org.br\/wordpress\/wp-content\/uploads\/2023\/01\/WhatsApp-Image-2023-01-12-at-15.13.41-1.jpeg\" data-photoswipe-image=\"2334d94e\" data-photoswipe-index=\"0\" style=\"background-image:url(https:\/\/www.ihgse.org.br\/wordpress\/wp-content\/uploads\/2023\/01\/WhatsApp-Image-2023-01-12-at-15.13.41-1.jpeg)\" class=\"vce-simple-image-slider-img vce-simple-image-slider-img--scale\"><img decoding=\"async\" class=\"\" src=\"https:\/\/www.ihgse.org.br\/wordpress\/wp-content\/uploads\/2023\/01\/WhatsApp-Image-2023-01-12-at-15.13.41-1.jpeg\" style=\"opacity:0\" alt=\"\"><\/a><\/div><div class=\"vce-simple-image-slider-item vc-slick-item\" data-photoswipe-item=\"photoswipe-2334d94e\"><a href=\"https:\/\/www.ihgse.org.br\/wordpress\/wp-content\/uploads\/2023\/01\/WhatsApp-Image-2023-01-12-at-15.13.39-1.jpeg\" data-photoswipe-image=\"2334d94e\" data-photoswipe-index=\"1\" style=\"background-image:url(https:\/\/www.ihgse.org.br\/wordpress\/wp-content\/uploads\/2023\/01\/WhatsApp-Image-2023-01-12-at-15.13.39-1.jpeg)\" class=\"vce-simple-image-slider-img vce-simple-image-slider-img--scale\"><img decoding=\"async\" class=\"\" src=\"https:\/\/www.ihgse.org.br\/wordpress\/wp-content\/uploads\/2023\/01\/WhatsApp-Image-2023-01-12-at-15.13.39-1.jpeg\" style=\"opacity:0\" alt=\"\"><\/a><\/div><div class=\"vce-simple-image-slider-item vc-slick-item\" data-photoswipe-item=\"photoswipe-2334d94e\"><a href=\"https:\/\/www.ihgse.org.br\/wordpress\/wp-content\/uploads\/2023\/01\/WhatsApp-Image-2023-01-12-at-15.13.39.jpeg\" data-photoswipe-image=\"2334d94e\" data-photoswipe-index=\"2\" style=\"background-image:url(https:\/\/www.ihgse.org.br\/wordpress\/wp-content\/uploads\/2023\/01\/WhatsApp-Image-2023-01-12-at-15.13.39.jpeg)\" class=\"vce-simple-image-slider-img vce-simple-image-slider-img--scale\"><img decoding=\"async\" class=\"\" src=\"https:\/\/www.ihgse.org.br\/wordpress\/wp-content\/uploads\/2023\/01\/WhatsApp-Image-2023-01-12-at-15.13.39.jpeg\" style=\"opacity:0\" alt=\"\"><\/a><\/div><div class=\"vce-simple-image-slider-item vc-slick-item\" data-photoswipe-item=\"photoswipe-2334d94e\"><a href=\"https:\/\/www.ihgse.org.br\/wordpress\/wp-content\/uploads\/2023\/01\/WhatsApp-Image-2023-01-12-at-13.38.09-e1673542298217.jpeg\" data-photoswipe-image=\"2334d94e\" data-photoswipe-index=\"3\" style=\"background-image:url(https:\/\/www.ihgse.org.br\/wordpress\/wp-content\/uploads\/2023\/01\/WhatsApp-Image-2023-01-12-at-13.38.09-e1673542298217.jpeg)\" class=\"vce-simple-image-slider-img vce-simple-image-slider-img--scale\"><img decoding=\"async\" class=\"\" src=\"https:\/\/www.ihgse.org.br\/wordpress\/wp-content\/uploads\/2023\/01\/WhatsApp-Image-2023-01-12-at-13.38.09-e1673542298217.jpeg\" style=\"opacity:0\" alt=\"\"><\/a><\/div><div class=\"vce-simple-image-slider-item vc-slick-item\" data-photoswipe-item=\"photoswipe-2334d94e\"><a href=\"https:\/\/www.ihgse.org.br\/wordpress\/wp-content\/uploads\/2023\/01\/WhatsApp-Image-2023-01-12-at-13.38.08-e1673542280107.jpeg\" data-photoswipe-image=\"2334d94e\" data-photoswipe-index=\"4\" style=\"background-image:url(https:\/\/www.ihgse.org.br\/wordpress\/wp-content\/uploads\/2023\/01\/WhatsApp-Image-2023-01-12-at-13.38.08-e1673542280107.jpeg)\" class=\"vce-simple-image-slider-img vce-simple-image-slider-img--scale\"><img decoding=\"async\" class=\"\" src=\"https:\/\/www.ihgse.org.br\/wordpress\/wp-content\/uploads\/2023\/01\/WhatsApp-Image-2023-01-12-at-13.38.08-e1673542280107.jpeg\" style=\"opacity:0\" alt=\"\"><\/a><\/div><div class=\"vce-simple-image-slider-item vc-slick-item\" data-photoswipe-item=\"photoswipe-2334d94e\"><a href=\"https:\/\/www.ihgse.org.br\/wordpress\/wp-content\/uploads\/2023\/01\/WhatsApp-Image-2023-01-12-at-13.38.10-2-e1673542456777.jpeg\" data-photoswipe-image=\"2334d94e\" data-photoswipe-index=\"5\" style=\"background-image:url(https:\/\/www.ihgse.org.br\/wordpress\/wp-content\/uploads\/2023\/01\/WhatsApp-Image-2023-01-12-at-13.38.10-2-e1673542456777.jpeg)\" class=\"vce-simple-image-slider-img vce-simple-image-slider-img--scale\"><img decoding=\"async\" class=\"\" src=\"https:\/\/www.ihgse.org.br\/wordpress\/wp-content\/uploads\/2023\/01\/WhatsApp-Image-2023-01-12-at-13.38.10-2-e1673542456777.jpeg\" style=\"opacity:0\" alt=\"\"><\/a><\/div><div class=\"vce-simple-image-slider-item vc-slick-item\" data-photoswipe-item=\"photoswipe-2334d94e\"><a href=\"https:\/\/www.ihgse.org.br\/wordpress\/wp-content\/uploads\/2023\/02\/WhatsApp-Image-2023-02-14-at-13.18.15-e1676392042187.jpeg\" data-photoswipe-image=\"2334d94e\" data-photoswipe-index=\"6\" style=\"background-image:url(https:\/\/www.ihgse.org.br\/wordpress\/wp-content\/uploads\/2023\/02\/WhatsApp-Image-2023-02-14-at-13.18.15-e1676392042187.jpeg)\" class=\"vce-simple-image-slider-img vce-simple-image-slider-img--scale\"><img decoding=\"async\" class=\"\" src=\"https:\/\/www.ihgse.org.br\/wordpress\/wp-content\/uploads\/2023\/02\/WhatsApp-Image-2023-02-14-at-13.18.15-e1676392042187.jpeg\" style=\"opacity:0\" alt=\"\"><\/a><\/div><div class=\"vce-simple-image-slider-item vc-slick-item\" data-photoswipe-item=\"photoswipe-2334d94e\"><a href=\"https:\/\/www.ihgse.org.br\/wordpress\/wp-content\/uploads\/2023\/02\/WhatsApp-Image-2023-02-14-at-13.18.12-1.jpeg\" data-photoswipe-image=\"2334d94e\" data-photoswipe-index=\"7\" style=\"background-image:url(https:\/\/www.ihgse.org.br\/wordpress\/wp-content\/uploads\/2023\/02\/WhatsApp-Image-2023-02-14-at-13.18.12-1.jpeg)\" class=\"vce-simple-image-slider-img vce-simple-image-slider-img--scale\"><img decoding=\"async\" class=\"\" src=\"https:\/\/www.ihgse.org.br\/wordpress\/wp-content\/uploads\/2023\/02\/WhatsApp-Image-2023-02-14-at-13.18.12-1.jpeg\" style=\"opacity:0\" alt=\"\"><\/a><\/div><\/div><\/div><\/div><div class=\"vce-simple-image-slider-dots\"><\/div><\/div><\/div><\/div><\/div><\/div><\/div><\/div><\/div><\/div><div class=\"vce-row-container\" data-vce-boxed-width=\"true\"><div class=\"vce-row vce-row--col-gap-30 vce-row-equal-height vce-row-content--top\" id=\"el-a25f2889\" data-vce-do-apply=\"all el-a25f2889\"><div class=\"vce-content-background-container\"><\/div><div class=\"vce-row-content\" data-vce-element-content=\"true\"><div class=\"vce-col vce-col--md-auto vce-col--xs-1 vce-col--xs-last vce-col--xs-first vce-col--sm-last vce-col--sm-first vce-col--md-first vce-col--lg-first vce-col--xl-first\" id=\"el-593a5036\"><div class=\"vce-col-inner\" data-vce-do-apply=\"border margin background  el-593a5036\"><div class=\"vce-col-content\" data-vce-element-content=\"true\" data-vce-do-apply=\"padding el-593a5036\"><div class=\"vce-single-image-container vce-single-image--align-left\"><div class=\"vce vce-single-image-wrapper\" id=\"el-72215f53\" data-vce-do-apply=\"all el-72215f53\"><figure><div class=\"vce-single-image-figure-inner\" style=\"width: 800px;\"><a href=\"https:\/\/ihgse.org.br\/wordpress\/revistasihgse\" title=\"revista online\" target=\"_blank\" class=\"vce-single-image-inner vce-single-image--absolute\" style=\"width: 100%; padding-bottom: 100%;\" rel=\"noopener\"><img loading=\"lazy\" decoding=\"async\" class=\"vce-single-image\"  width=\"800\" height=\"800\" srcset=\"https:\/\/www.ihgse.org.br\/wordpress\/wp-content\/uploads\/2023\/01\/Revista-IHGSE-320x320.png 320w, https:\/\/www.ihgse.org.br\/wordpress\/wp-content\/uploads\/2023\/01\/Revista-IHGSE-480x480.png 480w, https:\/\/www.ihgse.org.br\/wordpress\/wp-content\/uploads\/2023\/02\/Revista-IHGSE-800x800.png 800w\" src=\"https:\/\/www.ihgse.org.br\/wordpress\/wp-content\/uploads\/2023\/02\/Revista-IHGSE-800x800.png\" data-img-src=\"https:\/\/www.ihgse.org.br\/wordpress\/wp-content\/uploads\/2023\/01\/Revista-IHGSE.png\" data-attachment-id=\"1686\"  alt=\"\" title=\"Revista IHGSE\" \/><\/a><\/div><figcaption hidden=\"\"><\/figcaption><\/figure><\/div><\/div><\/div><\/div><\/div><div class=\"vce-col vce-col--md-auto vce-col--xs-1 vce-col--xs-last vce-col--xs-first vce-col--sm-last vce-col--sm-first\" id=\"el-21df130b\"><div class=\"vce-col-inner\" data-vce-do-apply=\"border margin background  el-21df130b\"><div class=\"vce-col-content\" data-vce-element-content=\"true\" data-vce-do-apply=\"padding el-21df130b\"><div class=\"vce-single-image-container vce-single-image--align-left\"><div class=\"vce vce-single-image-wrapper\" id=\"el-a29fc1be\" data-vce-do-apply=\"all el-a29fc1be\"><figure><div class=\"vce-single-image-figure-inner\" style=\"width: 800px;\"><a href=\"https:\/\/ihgse.org.br\/wordpress\/biblioteca\/\" title=\"biblioteca ihgse\" target=\"_blank\" class=\"vce-single-image-inner vce-single-image--absolute\" style=\"width: 100%; padding-bottom: 100%;\" rel=\"noopener\"><img loading=\"lazy\" decoding=\"async\" class=\"vce-single-image\"  width=\"800\" height=\"800\" srcset=\"https:\/\/www.ihgse.org.br\/wordpress\/wp-content\/uploads\/2023\/01\/Biblioteca-IHGSE-320x320.png 320w, https:\/\/www.ihgse.org.br\/wordpress\/wp-content\/uploads\/2023\/01\/Biblioteca-IHGSE-480x480.png 480w, https:\/\/www.ihgse.org.br\/wordpress\/wp-content\/uploads\/2023\/02\/Biblioteca-IHGSE-800x800.png 800w\" src=\"https:\/\/www.ihgse.org.br\/wordpress\/wp-content\/uploads\/2023\/02\/Biblioteca-IHGSE-800x800.png\" data-img-src=\"https:\/\/www.ihgse.org.br\/wordpress\/wp-content\/uploads\/2023\/01\/Biblioteca-IHGSE.png\" data-attachment-id=\"1682\"  alt=\"\" title=\"Biblioteca IHGSE\" \/><\/a><\/div><figcaption hidden=\"\"><\/figcaption><\/figure><\/div><\/div><\/div><\/div><\/div><div class=\"vce-col vce-col--md-auto vce-col--xs-1 vce-col--xs-last vce-col--xs-first vce-col--sm-last vce-col--sm-first\" id=\"el-c3e7f6f8\"><div class=\"vce-col-inner\" data-vce-do-apply=\"border margin background  el-c3e7f6f8\"><div class=\"vce-col-content\" data-vce-element-content=\"true\" data-vce-do-apply=\"padding el-c3e7f6f8\"><div class=\"vce-single-image-container vce-single-image--align-left\"><div class=\"vce vce-single-image-wrapper\" id=\"el-8ce4a9d4\" data-vce-do-apply=\"all el-8ce4a9d4\"><figure><div class=\"vce-single-image-figure-inner\" style=\"width: 800px;\"><a href=\"http:\/\/bndigital.bn.gov.br\/\" title=\"biblioteca nacional\" target=\"_blank\" class=\"vce-single-image-inner vce-single-image--absolute\" style=\"width: 100%; padding-bottom: 100%;\" rel=\"noopener\"><img loading=\"lazy\" decoding=\"async\" class=\"vce-single-image\"  width=\"800\" height=\"800\" srcset=\"https:\/\/www.ihgse.org.br\/wordpress\/wp-content\/uploads\/2023\/01\/Biblioteca-Nacional-320x320.png 320w, https:\/\/www.ihgse.org.br\/wordpress\/wp-content\/uploads\/2023\/01\/Biblioteca-Nacional-480x480.png 480w, https:\/\/www.ihgse.org.br\/wordpress\/wp-content\/uploads\/2023\/02\/Biblioteca-Nacional-800x800.png 800w\" src=\"https:\/\/www.ihgse.org.br\/wordpress\/wp-content\/uploads\/2023\/02\/Biblioteca-Nacional-800x800.png\" data-img-src=\"https:\/\/www.ihgse.org.br\/wordpress\/wp-content\/uploads\/2023\/01\/Biblioteca-Nacional.png\" data-attachment-id=\"1683\"  alt=\"\" title=\"Biblioteca Nacional\" \/><\/a><\/div><figcaption hidden=\"\"><\/figcaption><\/figure><\/div><\/div><\/div><\/div><\/div><div class=\"vce-col vce-col--md-auto vce-col--xs-1 vce-col--xs-last vce-col--xs-first vce-col--sm-last vce-col--sm-first vce-col--md-last vce-col--lg-last vce-col--xl-last\" id=\"el-a08d3807\"><div class=\"vce-col-inner\" data-vce-do-apply=\"border margin background  el-a08d3807\"><div class=\"vce-col-content\" data-vce-element-content=\"true\" data-vce-do-apply=\"padding el-a08d3807\"><div class=\"vce-single-image-container vce-single-image--align-left\"><div class=\"vce vce-single-image-wrapper\" id=\"el-92a7bddd\" data-vce-do-apply=\"all el-92a7bddd\"><figure><div class=\"vce-single-image-figure-inner\" style=\"width: 800px;\"><a href=\"http:\/\/www.seer.ufs.br\/\" title=\"seer.ufs\" target=\"_blank\" class=\"vce-single-image-inner vce-single-image--absolute\" style=\"width: 100%; padding-bottom: 100%;\" rel=\"noopener\"><img loading=\"lazy\" decoding=\"async\" class=\"vce-single-image\"  width=\"800\" height=\"800\" srcset=\"https:\/\/www.ihgse.org.br\/wordpress\/wp-content\/uploads\/2023\/01\/portal-UFS-320x320.png 320w, https:\/\/www.ihgse.org.br\/wordpress\/wp-content\/uploads\/2023\/01\/portal-UFS-480x480.png 480w, https:\/\/www.ihgse.org.br\/wordpress\/wp-content\/uploads\/2023\/02\/portal-UFS-800x800.png 800w\" src=\"https:\/\/www.ihgse.org.br\/wordpress\/wp-content\/uploads\/2023\/02\/portal-UFS-800x800.png\" data-img-src=\"https:\/\/www.ihgse.org.br\/wordpress\/wp-content\/uploads\/2023\/01\/portal-UFS.png\" data-attachment-id=\"1685\"  alt=\"\" title=\"portal UFS\" \/><\/a><\/div><figcaption hidden=\"\"><\/figcaption><\/figure><\/div><\/div><\/div><\/div><\/div><\/div><\/div><\/div>\n","protected":false},"excerpt":{"rendered":"<p>Hermeroteca\u00c9 um setor\/se\u00e7\u00e3o da biblioteca reservada(o) \u00e0 guarda, cust\u00f3dia e conserva\u00e7\u00e3o de cole\u00e7\u00f5es de peri\u00f3dicos tais como: jornais, revistas e outras publica\u00e7\u00f5es editadas em s\u00e9rie.A hemeroteca do IHGSE tem por objetivo guardar, conservar e divulgar o acervo hist\u00f3rico de publica\u00e7\u00f5es peri\u00f3dicas, em especial os jornais mais importantes editados e publicados em Sergipe a partir do&hellip; <br \/> <a class=\"read-more\" href=\"https:\/\/ihgse.org.br\/wordpress\/hemeroteca\/\">Leia mais<\/a><\/p>\n","protected":false},"author":5,"featured_media":1557,"parent":0,"menu_order":0,"comment_status":"closed","ping_status":"closed","template":"","meta":{"footnotes":""},"class_list":["post-43","page","type-page","status-publish","has-post-thumbnail","hentry"],"_links":{"self":[{"href":"https:\/\/ihgse.org.br\/wordpress\/wp-json\/wp\/v2\/pages\/43","targetHints":{"allow":["GET"]}}],"collection":[{"href":"https:\/\/ihgse.org.br\/wordpress\/wp-json\/wp\/v2\/pages"}],"about":[{"href":"https:\/\/ihgse.org.br\/wordpress\/wp-json\/wp\/v2\/types\/page"}],"author":[{"embeddable":true,"href":"https:\/\/ihgse.org.br\/wordpress\/wp-json\/wp\/v2\/users\/5"}],"replies":[{"embeddable":true,"href":"https:\/\/ihgse.org.br\/wordpress\/wp-json\/wp\/v2\/comments?post=43"}],"version-history":[{"count":23,"href":"https:\/\/ihgse.org.br\/wordpress\/wp-json\/wp\/v2\/pages\/43\/revisions"}],"predecessor-version":[{"id":2075,"href":"https:\/\/ihgse.org.br\/wordpress\/wp-json\/wp\/v2\/pages\/43\/revisions\/2075"}],"wp:featuredmedia":[{"embeddable":true,"href":"https:\/\/ihgse.org.br\/wordpress\/wp-json\/wp\/v2\/media\/1557"}],"wp:attachment":[{"href":"https:\/\/ihgse.org.br\/wordpress\/wp-json\/wp\/v2\/media?parent=43"}],"curies":[{"name":"wp","href":"https:\/\/api.w.org\/{rel}","templated":true}]}}