{"id":444,"date":"2018-11-05T00:12:47","date_gmt":"2018-11-05T02:12:47","guid":{"rendered":"http:\/\/www.ihgse.org.br\/wordpress\/?page_id=444"},"modified":"2023-01-30T14:26:03","modified_gmt":"2023-01-30T17:26:03","slug":"como-ficar-socio","status":"publish","type":"page","link":"https:\/\/ihgse.org.br\/wordpress\/como-ficar-socio\/","title":{"rendered":""},"content":{"rendered":"<div class=\"vce-row-container\" data-vce-boxed-width=\"true\"><div class=\"vce-row vce-row--col-gap-30 vce-row-equal-height vce-row-content--top\" id=\"el-43fb126b\" data-vce-do-apply=\"all el-43fb126b\"><div class=\"vce-row-content\" data-vce-element-content=\"true\"><div class=\"vce-col vce-col--md-auto vce-col--xs-1 vce-col--xs-last vce-col--xs-first vce-col--sm-last vce-col--sm-first vce-col--md-last vce-col--lg-last vce-col--xl-last vce-col--md-first vce-col--lg-first vce-col--xl-first\" id=\"el-4a26e4be\"><div class=\"vce-col-inner\" data-vce-do-apply=\"border margin background  el-4a26e4be\"><div class=\"vce-col-content\" data-vce-element-content=\"true\" data-vce-do-apply=\"padding el-4a26e4be\"><div class=\"vce-text-block\"><div class=\"vce-text-block-wrapper vce\" id=\"el-372171a5\" data-vce-do-apply=\"all el-372171a5\"><p><span style=\"font-size: 16pt;\"><strong><span style=\"font-style: normal;\">Como Ficar S\u00f3cio<\/span><\/strong><\/span><\/p><p>As pessoas que desejem tornar-se s\u00f3cio efetivo do IHGSE devem observar alguns requisitos e os procedimentos previstos na Casa:<\/p><ul><li>&nbsp;&nbsp;&nbsp;&nbsp; Preencher uma <span style=\"color: #0000ff;\"><strong><a style=\"color: #0000ff;\" href=\"http:\/\/www.ihgse.org.br\/documentos\/proposta-de-admissao-de-socio-efetivo.pdf\" target=\"_blank\" rel=\"noopener\">proposta de admiss\u00e3o<\/a><\/strong><\/span>, referendada por tr\u00eas s\u00f3cios efetivos;<\/li><li>&nbsp;&nbsp;&nbsp;&nbsp; Preencher o <span style=\"color: #0000ff;\"><strong><a style=\"color: #0000ff;\" href=\"http:\/\/www.ihgse.org.br\/documentos\/formulario-bio-bibliografico.pdf\" target=\"_blank\" rel=\"noopener\">formul\u00e1rio bio-bibliogr\u00e1fico<\/a><\/strong><\/span>;<\/li><li>&nbsp;&nbsp;&nbsp;&nbsp; Juntar uma fotografia 3 x 4 e um curriculum vitae;<\/li><\/ul><p>A tramita\u00e7\u00e3o \u00e9 a que se segue:<\/p><ul><li>Recebimento da proposta pela Secretaria;<\/li><li>Distribui\u00e7\u00e3o do processo \u00e0 Comiss\u00e3o de Admiss\u00e3o de S\u00f3cios, na qual \u00e9 designado um relator para a an\u00e1lise da documenta\u00e7\u00e3o;<\/li><li>Discuss\u00e3o e vota\u00e7\u00e3o do parecer do relator pela Comiss\u00e3o e pela Diretoria Executiva;<\/li><li>Comunica\u00e7\u00e3o do que foi deliberado pela Diretoria Executiva ao candidato a s\u00f3cio, inclusive a fixa\u00e7\u00e3o da data da posse.<\/li><\/ul><\/div><\/div><\/div><\/div><\/div><\/div><\/div><\/div><div class=\"vce-row-container\" data-vce-boxed-width=\"true\"><div class=\"vce-row vce-row--col-gap-30 vce-row-equal-height vce-row-content--top\" id=\"el-becc964a\" data-vce-do-apply=\"all el-becc964a\"><div class=\"vce-row-content\" data-vce-element-content=\"true\"><div class=\"vce-col vce-col--md-auto vce-col--xs-1 vce-col--xs-last vce-col--xs-first vce-col--sm-last vce-col--sm-first vce-col--md-last vce-col--lg-last vce-col--xl-last vce-col--md-first vce-col--lg-first vce-col--xl-first\" id=\"el-bcabc151\"><div class=\"vce-col-inner\" data-vce-do-apply=\"border margin background  el-bcabc151\"><div class=\"vce-col-content\" data-vce-element-content=\"true\" data-vce-do-apply=\"padding el-bcabc151\"><div class=\"vce-single-image-container vce-single-image--align-left\"><div class=\"vce vce-single-image-wrapper\" id=\"el-11dbecdc\" data-vce-do-apply=\"all el-11dbecdc\"><figure><div class=\"vce-single-image-figure-inner\" style=\"width: 1024px;\"><div class=\"vce-single-image-inner vce-single-image--absolute\" style=\"width: 100%; padding-bottom: 41.6016%;\"><img loading=\"lazy\" decoding=\"async\" class=\"vce-single-image\"  width=\"1024\" height=\"426\" srcset=\"https:\/\/www.ihgse.org.br\/wordpress\/wp-content\/uploads\/2023\/01\/Parceiros-1024x427.png 1024w, https:\/\/www.ihgse.org.br\/wordpress\/wp-content\/uploads\/2023\/01\/Parceiros-320x133.png 320w, https:\/\/www.ihgse.org.br\/wordpress\/wp-content\/uploads\/2023\/01\/Parceiros-480x200.png 480w, https:\/\/www.ihgse.org.br\/wordpress\/wp-content\/uploads\/2023\/01\/Parceiros-800x333.png 800w\" src=\"https:\/\/www.ihgse.org.br\/wordpress\/wp-content\/uploads\/2023\/01\/Parceiros-1024x427.png\" data-img-src=\"https:\/\/www.ihgse.org.br\/wordpress\/wp-content\/uploads\/2023\/01\/Parceiros.png\" data-attachment-id=\"1775\"  alt=\"\" title=\"Parceiros\" \/><\/div><\/div><figcaption hidden=\"\"><\/figcaption><\/figure><\/div><\/div><\/div><\/div><\/div><\/div><\/div><\/div>\n","protected":false},"excerpt":{"rendered":"<p>Como Ficar S\u00f3cioAs pessoas que desejem tornar-se s\u00f3cio efetivo do IHGSE devem observar alguns requisitos e os procedimentos previstos na Casa:&nbsp;&nbsp;&nbsp;&nbsp; Preencher uma proposta de admiss\u00e3o, referendada por tr\u00eas s\u00f3cios efetivos;&nbsp;&nbsp;&nbsp;&nbsp; Preencher o formul\u00e1rio bio-bibliogr\u00e1fico;&nbsp;&nbsp;&nbsp;&nbsp; Juntar uma fotografia 3 x 4 e um curriculum vitae;A tramita\u00e7\u00e3o \u00e9 a que se segue:Recebimento da proposta pela Secretaria;Distribui\u00e7\u00e3o&hellip; <br \/> <a class=\"read-more\" href=\"https:\/\/ihgse.org.br\/wordpress\/como-ficar-socio\/\">Leia mais<\/a><\/p>\n","protected":false},"author":5,"featured_media":1927,"parent":0,"menu_order":0,"comment_status":"closed","ping_status":"closed","template":"","meta":{"footnotes":""},"class_list":["post-444","page","type-page","status-publish","has-post-thumbnail","hentry"],"_links":{"self":[{"href":"https:\/\/ihgse.org.br\/wordpress\/wp-json\/wp\/v2\/pages\/444","targetHints":{"allow":["GET"]}}],"collection":[{"href":"https:\/\/ihgse.org.br\/wordpress\/wp-json\/wp\/v2\/pages"}],"about":[{"href":"https:\/\/ihgse.org.br\/wordpress\/wp-json\/wp\/v2\/types\/page"}],"author":[{"embeddable":true,"href":"https:\/\/ihgse.org.br\/wordpress\/wp-json\/wp\/v2\/users\/5"}],"replies":[{"embeddable":true,"href":"https:\/\/ihgse.org.br\/wordpress\/wp-json\/wp\/v2\/comments?post=444"}],"version-history":[{"count":14,"href":"https:\/\/ihgse.org.br\/wordpress\/wp-json\/wp\/v2\/pages\/444\/revisions"}],"predecessor-version":[{"id":1928,"href":"https:\/\/ihgse.org.br\/wordpress\/wp-json\/wp\/v2\/pages\/444\/revisions\/1928"}],"wp:featuredmedia":[{"embeddable":true,"href":"https:\/\/ihgse.org.br\/wordpress\/wp-json\/wp\/v2\/media\/1927"}],"wp:attachment":[{"href":"https:\/\/ihgse.org.br\/wordpress\/wp-json\/wp\/v2\/media?parent=444"}],"curies":[{"name":"wp","href":"https:\/\/api.w.org\/{rel}","templated":true}]}}