{"id":47,"date":"2018-09-06T12:36:42","date_gmt":"2018-09-06T15:36:42","guid":{"rendered":"http:\/\/www.ihgse.org.br\/wordpress\/?page_id=47"},"modified":"2023-01-31T14:41:33","modified_gmt":"2023-01-31T17:41:33","slug":"arquivo","status":"publish","type":"page","link":"https:\/\/ihgse.org.br\/wordpress\/arquivo\/","title":{"rendered":""},"content":{"rendered":"<div class=\"vce-row-container\" data-vce-boxed-width=\"true\"><div class=\"vce-row vce-row--col-gap-30 vce-row-equal-height vce-row-content--top\" id=\"el-55983106\" data-vce-do-apply=\"all el-55983106\"><div class=\"vce-content-background-container\"><\/div><div class=\"vce-row-content\" data-vce-element-content=\"true\"><div class=\"vce-col vce-col--md-auto vce-col--xs-1 vce-col--xs-last vce-col--xs-first vce-col--sm-last vce-col--sm-first vce-col--md-first vce-col--lg-first vce-col--xl-first\" id=\"el-72310173\"><div class=\"vce-col-inner\" data-vce-do-apply=\"border margin background  el-72310173\"><div class=\"vce-col-content\" data-vce-element-content=\"true\" data-vce-do-apply=\"padding el-72310173\"><div class=\"vce-text-block\"><div class=\"vce-text-block-wrapper vce\" id=\"el-cc0aba06\" data-vce-do-apply=\"all el-cc0aba06\"><p><strong><span style=\"font-size: 16pt;\">Arquivo<\/span><\/strong><\/p><p>O IHGSE \u00e9 uma sociedade civil sem fins lucrativos, de car\u00e1ter l\u00edtero-cient\u00edfica, fundada em 1912 e tem por finalidade promover estudos e pesquisas, animar o desenvolvimento intelectual e c\u00edvico do Povo sergipano. Na ocasi\u00e3o de sua funda\u00e7\u00e3o se estabeleceu a cria\u00e7\u00e3o de estrutura f\u00edsica para Biblioteca, Arquivo, Museu e Pinacoteca. No trajeto dos seus 110 anos \u00e9 not\u00f3rio a compet\u00eancia de guardi\u00e3o, organizando, conservando e disseminando a informa\u00e7\u00e3o, conforme Cap. II do seu Estatuto. &nbsp;&nbsp;<\/p><p>Em maio de 2022 foi aprovada pela Diretoria a Resolu\u00e7\u00e3o de n\u00ba 01(&nbsp;<a href=\"https:\/\/www.ihgse.org.br\/wordpress\/wp-content\/uploads\/2023\/01\/RESOLUCAO-No-01-ARQUIVO-3-1.pdf\" target=\"_blank\" rel=\"noopener\">Clique aqui para conferir<\/a> ), a qual define a Pol\u00edtica de Desenvolvimento do Arquivo, assim como o nome de \u201cArquivo Central Maria Tethis Nunes\u201d. Tethis foi historiadora, professora da UFS e esteve na presid\u00eancia do IHGSE por mais de trinta anos.<\/p><p>O Arquivo Central Maria Tethis Nunes re\u00fane milhares de documentos, entre administrativos, financeiros, fichas de s\u00f3cios, manuscritos, documentos oficiais e c\u00f3pias de \u00e9poca - \u00e1lbuns, fotos, etc. O arquivo possui tamb\u00e9m, 23.671 (vinte e tr\u00eas mil seiscentos e setenta e um) documentos dos acervos pessoais, tais como: Tethis Nunes,&nbsp; do seu secret\u00e1rio perpetuo do IHGSE Epif\u00e2nio D\u00f3ria, Oliveira Teles, Rodrigues D\u00f3ria, Pe. Aur\u00e9lio Vasconcelos, Ivo do Prado, Jos\u00e9 Calazans, Fernando Porto, Urbano Neto, Armindo Guaran\u00e1 e Figueiredo Lobo.<\/p><p>O arquivo disp\u00f5e de uma dupla e essencial fun\u00e7\u00e3o para o Estado e a Sociedade de Sergipe \u2013 tanto na gest\u00e3o dos documentos de arquivo que s\u00e3o produzidos pela administra\u00e7\u00e3o do IHGSE, quanto na salvaguarda do patrim\u00f4nio e acervos pessoais de import\u00e2ncia fundamental para a Hist\u00f3ria, Mem\u00f3ria e Cultura Sergipana.<\/p><p style=\"text-align: right;\"><span style=\"font-size: 10pt;\">Ros\u00e2ngela&nbsp; Soares, <\/span><\/p><p style=\"text-align: right;\"><span style=\"font-size: 10pt;\">Dir. de Biblioteca e Arquivo<\/span><\/p><\/div><\/div><\/div><\/div><\/div><div class=\"vce-col vce-col--md-auto vce-col--xs-1 vce-col--xs-last vce-col--xs-first vce-col--sm-last vce-col--sm-first vce-col--md-last vce-col--lg-last vce-col--xl-last\" id=\"el-c8dc7567\"><div class=\"vce-col-inner\" data-vce-do-apply=\"border margin background  el-c8dc7567\"><div class=\"vce-col-content\" data-vce-element-content=\"true\" data-vce-do-apply=\"padding el-c8dc7567\"><div class=\"vce-row-container\" data-vce-boxed-width=\"true\"><div class=\"vce-row vce-row--col-gap-30 vce-row-equal-height vce-row-content--top\" id=\"el-742bf9eb\" data-vce-do-apply=\"all el-742bf9eb\"><div class=\"vce-row-content\" data-vce-element-content=\"true\"><div class=\"vce-col vce-col--md-auto vce-col--xs-1 vce-col--xs-last vce-col--xs-first vce-col--sm-last vce-col--sm-first vce-col--md-last vce-col--lg-last vce-col--xl-last vce-col--md-first vce-col--lg-first vce-col--xl-first\" id=\"el-8de26499\"><div class=\"vce-col-inner\" data-vce-do-apply=\"border margin background  el-8de26499\"><div class=\"vce-col-content\" data-vce-element-content=\"true\" data-vce-do-apply=\"padding el-8de26499\"><div class=\"vce-simple-image-slider\" style=\"--backgroundPosition:center center; --pointerColor:#fff; --pointerColorHover:#fd9a00;\"><div class=\"vce-simple-image-slider-wrapper vce\" id=\"el-a66f46ac\" data-vce-do-apply=\"all el-a66f46ac\"><div class=\"vce-simple-image-slider-helper vce-simple-image-slider-aspect-ratio--9-16\"><div class=\"vce-simple-image-slider-list\" data-slick-autoplay=\"on\" data-slick-autoplay-delay=\"2000\" data-slick-effect=\"slideIn\" data-slick-dots=\"on\" data-slick-arrows=\"off\"><div class=\"slick-list\"><div class=\"slick-track\"><div class=\"vce-simple-image-slider-item vc-slick-item\"><a href=\"https:\/\/www.ihgse.org.br\/wordpress\/wp-content\/uploads\/2023\/01\/Arvore-fluxograma.png\" data-lightbox=\"lightbox-a66f46ac\" style=\"background-image:url(https:\/\/www.ihgse.org.br\/wordpress\/wp-content\/uploads\/2023\/01\/Arvore-fluxograma.png)\" class=\"vce-simple-image-slider-img vce-simple-image-slider-img--scale\"><img decoding=\"async\" class=\"\" src=\"https:\/\/www.ihgse.org.br\/wordpress\/wp-content\/uploads\/2023\/01\/Arvore-fluxograma.png\" style=\"opacity:0\" alt=\"\"><\/a><\/div><div class=\"vce-simple-image-slider-item vc-slick-item\"><a href=\"https:\/\/www.ihgse.org.br\/wordpress\/wp-content\/uploads\/2023\/01\/sesmaria-2.png\" data-lightbox=\"lightbox-a66f46ac\" style=\"background-image:url(https:\/\/www.ihgse.org.br\/wordpress\/wp-content\/uploads\/2023\/01\/sesmaria-2.png)\" class=\"vce-simple-image-slider-img vce-simple-image-slider-img--scale\"><img decoding=\"async\" class=\"\" src=\"https:\/\/www.ihgse.org.br\/wordpress\/wp-content\/uploads\/2023\/01\/sesmaria-2.png\" style=\"opacity:0\" alt=\"\"><\/a><\/div><div class=\"vce-simple-image-slider-item vc-slick-item\"><a href=\"https:\/\/www.ihgse.org.br\/wordpress\/wp-content\/uploads\/2023\/01\/diploma.png\" data-lightbox=\"lightbox-a66f46ac\" style=\"background-image:url(https:\/\/www.ihgse.org.br\/wordpress\/wp-content\/uploads\/2023\/01\/diploma.png)\" class=\"vce-simple-image-slider-img vce-simple-image-slider-img--scale\"><img decoding=\"async\" class=\"\" src=\"https:\/\/www.ihgse.org.br\/wordpress\/wp-content\/uploads\/2023\/01\/diploma.png\" style=\"opacity:0\" alt=\"\"><\/a><\/div><div class=\"vce-simple-image-slider-item vc-slick-item\"><a href=\"https:\/\/www.ihgse.org.br\/wordpress\/wp-content\/uploads\/2023\/01\/carta.png\" data-lightbox=\"lightbox-a66f46ac\" style=\"background-image:url(https:\/\/www.ihgse.org.br\/wordpress\/wp-content\/uploads\/2023\/01\/carta.png)\" class=\"vce-simple-image-slider-img vce-simple-image-slider-img--scale\"><img decoding=\"async\" class=\"\" src=\"https:\/\/www.ihgse.org.br\/wordpress\/wp-content\/uploads\/2023\/01\/carta.png\" style=\"opacity:0\" alt=\"\"><\/a><\/div><div class=\"vce-simple-image-slider-item vc-slick-item\"><a href=\"https:\/\/www.ihgse.org.br\/wordpress\/wp-content\/uploads\/2023\/01\/ata.png\" data-lightbox=\"lightbox-a66f46ac\" style=\"background-image:url(https:\/\/www.ihgse.org.br\/wordpress\/wp-content\/uploads\/2023\/01\/ata.png)\" class=\"vce-simple-image-slider-img vce-simple-image-slider-img--scale\"><img decoding=\"async\" class=\"\" src=\"https:\/\/www.ihgse.org.br\/wordpress\/wp-content\/uploads\/2023\/01\/ata.png\" style=\"opacity:0\" alt=\"\"><\/a><\/div><div class=\"vce-simple-image-slider-item vc-slick-item\"><a href=\"https:\/\/www.ihgse.org.br\/wordpress\/wp-content\/uploads\/2022\/12\/IMG_20221220_123506-scaled.jpg\" data-lightbox=\"lightbox-a66f46ac\" style=\"background-image:url(https:\/\/www.ihgse.org.br\/wordpress\/wp-content\/uploads\/2022\/12\/IMG_20221220_123506-scaled.jpg)\" class=\"vce-simple-image-slider-img vce-simple-image-slider-img--scale\"><img decoding=\"async\" class=\"\" src=\"https:\/\/www.ihgse.org.br\/wordpress\/wp-content\/uploads\/2022\/12\/IMG_20221220_123506-scaled.jpg\" style=\"opacity:0\" alt=\"\"><\/a><\/div><\/div><\/div><\/div><div class=\"vce-simple-image-slider-dots\"><\/div><\/div><\/div><\/div><\/div><\/div><\/div><\/div><\/div><\/div><\/div><\/div><\/div><\/div><\/div><\/div><div class=\"vce-row-container\" data-vce-boxed-width=\"true\"><div class=\"vce-row vce-row--col-gap-30 vce-row-equal-height vce-row-content--top\" id=\"el-95bf804b\" data-vce-do-apply=\"all el-95bf804b\"><div class=\"vce-content-background-container\"><\/div><div class=\"vce-row-content\" data-vce-element-content=\"true\"><div class=\"vce-col vce-col--md-9p vce-col--xs-1 vce-col--xs-last vce-col--xs-first vce-col--sm-last vce-col--sm-first vce-col--md-first vce-col--lg-first vce-col--xl-first\" id=\"el-a245f8c6\"><div class=\"vce-col-inner\" data-vce-do-apply=\"border margin background  el-a245f8c6\"><div class=\"vce-col-content\" data-vce-element-content=\"true\" data-vce-do-apply=\"padding el-a245f8c6\"><div class=\"vce-features vce-var-icon vce-features--style-filled-circle vce-features--size-tiny\" style=\"--text-align:center; --iconColor:#fff; --iconColorHover:rgb(10, 37, 78); --shapeColor:rgb(10, 37, 78); --shapeColorHover:rgb(255, 255, 255); --linkColorHover:rgb(255, 255, 255);\"><div id=\"el-ea035334\" class=\"vce vce-features-icon-wrapper\" data-vce-do-apply=\"all el-ea035334\"><a class=\"vce-features--icon vce-icon\" href=\"https:\/\/ihgse.org.br\/wordpress\/maria-thetis-nunes\/\" title=\"Thetis Nunes\" target=\"_blank\" rel=\"noopener\"><svg xmlns=\"https:\/\/www.w3.org\/2000\/svg\" viewBox=\"0 0 769 769\"><path stroke-width=\"25\" d=\"M565.755 696.27h-360l-180-311.77 180-311.77h360l180 311.77z\"><\/path><\/svg><span class=\"vce-icon-container far fa-user-circle\"><\/span><\/a><\/div><\/div><\/div><\/div><\/div><div class=\"vce-col vce-col--md-40p vce-col--xs-1 vce-col--xs-last vce-col--xs-first vce-col--sm-last vce-col--sm-first\" id=\"el-ca550e02\"><div class=\"vce-col-inner\" data-vce-do-apply=\"border margin background  el-ca550e02\"><div class=\"vce-col-content\" data-vce-element-content=\"true\" data-vce-do-apply=\"padding el-ca550e02\"><div class=\"vce-text-block\"><div class=\"vce-text-block-wrapper vce\" id=\"el-dde29683\" data-vce-do-apply=\"all el-dde29683\"><p>Para saber sobre <a href=\"https:\/\/ihgse.org.br\/wordpress\/maria-thetis-nunes\/\" target=\"_blank\" rel=\"noopener\">Maria Thetis Nunes clique aqui<\/a><\/p><\/div><\/div><\/div><\/div><\/div><div class=\"vce-col vce-col--md-51p vce-col--xs-1 vce-col--xs-last vce-col--xs-first vce-col--sm-last vce-col--sm-first vce-col--md-last vce-col--lg-last vce-col--xl-last\" id=\"el-e1c16aa4\"><div class=\"vce-col-inner\" data-vce-do-apply=\"border margin background  el-e1c16aa4\"><div class=\"vce-col-content\" data-vce-element-content=\"true\" data-vce-do-apply=\"padding el-e1c16aa4\"><div class=\"vce-text-block\"><div class=\"vce-text-block-wrapper vce\" id=\"el-24e15e0c\" data-vce-do-apply=\"all el-24e15e0c\"><p><a href=\"https:\/\/www.planalto.gov.br\/ccivil_03\/leis\/l8159.htm\" target=\"_blank\" rel=\"noopener\">Lei de Arquivo<\/a><\/p><p><a href=\"https:\/\/www.planalto.gov.br\/ccivil_03\/leis\/l9610.htm\" target=\"_blank\" rel=\"noopener\">Lei de Direitos Autorais<\/a><\/p><p><a href=\"https:\/\/www.planalto.gov.br\/ccivil_03\/_ato2011-2014\/2011\/lei\/l12527.htm\" target=\"_blank\" rel=\"noopener\">Lei de Acesso a Informa\u00e7\u00e3o<\/a><\/p><\/div><\/div><\/div><\/div><\/div><\/div><\/div><\/div>\n","protected":false},"excerpt":{"rendered":"<p>ArquivoO IHGSE \u00e9 uma sociedade civil sem fins lucrativos, de car\u00e1ter l\u00edtero-cient\u00edfica, fundada em 1912 e tem por finalidade promover estudos e pesquisas, animar o desenvolvimento intelectual e c\u00edvico do Povo sergipano. Na ocasi\u00e3o de sua funda\u00e7\u00e3o se estabeleceu a cria\u00e7\u00e3o de estrutura f\u00edsica para Biblioteca, Arquivo, Museu e Pinacoteca. No trajeto dos seus 110&hellip; <br \/> <a class=\"read-more\" href=\"https:\/\/ihgse.org.br\/wordpress\/arquivo\/\">Leia mais<\/a><\/p>\n","protected":false},"author":5,"featured_media":1436,"parent":0,"menu_order":0,"comment_status":"closed","ping_status":"closed","template":"","meta":{"footnotes":""},"class_list":["post-47","page","type-page","status-publish","has-post-thumbnail","hentry"],"_links":{"self":[{"href":"https:\/\/ihgse.org.br\/wordpress\/wp-json\/wp\/v2\/pages\/47","targetHints":{"allow":["GET"]}}],"collection":[{"href":"https:\/\/ihgse.org.br\/wordpress\/wp-json\/wp\/v2\/pages"}],"about":[{"href":"https:\/\/ihgse.org.br\/wordpress\/wp-json\/wp\/v2\/types\/page"}],"author":[{"embeddable":true,"href":"https:\/\/ihgse.org.br\/wordpress\/wp-json\/wp\/v2\/users\/5"}],"replies":[{"embeddable":true,"href":"https:\/\/ihgse.org.br\/wordpress\/wp-json\/wp\/v2\/comments?post=47"}],"version-history":[{"count":39,"href":"https:\/\/ihgse.org.br\/wordpress\/wp-json\/wp\/v2\/pages\/47\/revisions"}],"predecessor-version":[{"id":1992,"href":"https:\/\/ihgse.org.br\/wordpress\/wp-json\/wp\/v2\/pages\/47\/revisions\/1992"}],"wp:featuredmedia":[{"embeddable":true,"href":"https:\/\/ihgse.org.br\/wordpress\/wp-json\/wp\/v2\/media\/1436"}],"wp:attachment":[{"href":"https:\/\/ihgse.org.br\/wordpress\/wp-json\/wp\/v2\/media?parent=47"}],"curies":[{"name":"wp","href":"https:\/\/api.w.org\/{rel}","templated":true}]}}