{"id":49,"date":"2018-09-06T12:36:47","date_gmt":"2018-09-06T15:36:47","guid":{"rendered":"http:\/\/www.ihgse.org.br\/wordpress\/?page_id=49"},"modified":"2023-11-16T15:18:20","modified_gmt":"2023-11-16T18:18:20","slug":"museu","status":"publish","type":"page","link":"https:\/\/ihgse.org.br\/wordpress\/museu\/","title":{"rendered":""},"content":{"rendered":"<div class=\"vce-row-container\" data-vce-boxed-width=\"true\"><div class=\"vce-row vce-row--col-gap-30 vce-row-equal-height vce-row-content--top\" id=\"el-071096a5\" data-vce-do-apply=\"all el-071096a5\"><div class=\"vce-row-content\" data-vce-element-content=\"true\"><div class=\"vce-col vce-col--md-auto vce-col--xs-1 vce-col--xs-last vce-col--xs-first vce-col--sm-last vce-col--sm-first vce-col--md-first vce-col--lg-first vce-col--xl-first\" id=\"el-27d5bcf5\"><div class=\"vce-col-inner\" data-vce-do-apply=\"border margin background  el-27d5bcf5\"><div class=\"vce-col-content\" data-vce-element-content=\"true\" data-vce-do-apply=\"padding el-27d5bcf5\"><div class=\"vce-text-block\"><div class=\"vce-text-block-wrapper vce\" id=\"el-9c973835\" data-vce-do-apply=\"all el-9c973835\"><p><span style=\"font-size: 14pt;\"><strong>Museu Galdino Bicho<\/strong><\/span><\/p>\n<p><span style=\"font-weight: 400;\">N\u00e3o \u00e9 de hoje que se afirma a import\u00e2ncia dos museus como instrumentos de preserva\u00e7\u00e3o da mem\u00f3ria. Todos os povos possuem museus como espa\u00e7os para trabalhar valores hist\u00f3ricos,&nbsp; representa\u00e7\u00e3o de identidades, de um povo com seus costumes e suas culturas.<\/span><\/p>\n<p><span style=\"font-weight: 400;\">Em Sergipe isto n\u00e3o se faz diferente, O Instituto Hist\u00f3rico e Geogr\u00e1fico de Sergipe criou nos idos de 1957, dentro da sua estrutura, um espa\u00e7o museal, que recebeu o nome de Galdino Bicho, um artista carioca que doou ao Instituto seu acervo particular. O intermedi\u00e1rio dessa doa\u00e7\u00e3o foi Jord\u00e3o de Oliveira, sergipano de grande talento radicado no Rio, mas com o cora\u00e7\u00e3o preso a sua terra natal.<\/span><\/p>\n<p><span style=\"font-weight: 400;\">O pequeno museu do Instituto al\u00e9m de trabalhar&nbsp; com elementos&nbsp; e representa\u00e7\u00f5es de sua hist\u00f3ria, tamb\u00e9m inclui elementos que nos levou a refor\u00e7ar o conceito de uma institui\u00e7\u00e3o museal definido pelo <\/span><span style=\"font-weight: 400;\">O Conselho Internacional de Museus (<a href=\"https:\/\/www.ihgse.org.br\/wordpress\/wp-content\/uploads\/2023\/11\/Apresentacao-1.pdf\" target=\"_blank\" rel=\"noopener\">ICOM<\/a>):<\/span><\/p>\n<blockquote>\n<p><span style=\"font-weight: 400;\"><span id=\"docs-internal-guid-7b917c72-7fff-4780-878e-3567463753d1\"><span style=\"font-size: 12pt; font-family: Arial, sans-serif; color: #000000; font-style: italic; font-variant-numeric: normal; font-variant-east-asian: normal; font-variant-alternates: normal; font-variant-position: normal; vertical-align: baseline; white-space-collapse: preserve;\">\u201cUm museu \u00e9 uma institui\u00e7\u00e3o permanente, sem fins lucrativos, ao servi\u00e7o da sociedade, que pesquisa, coleciona, conserva, interpreta e exp\u00f5e o patrim\u00f4nio material e imaterial. Os museus, abertos ao p\u00fablico, acess\u00edveis e inclusivos, fomentam a diversidade e a sustentabilidade. Os museus funcionam e comunicam \u00e9tica, profissionalmente e, com a participa\u00e7\u00e3o das comunidades, proporcionam experi\u00eancias diversas para educa\u00e7\u00e3o, frui\u00e7\u00e3o, reflex\u00e3o e partilha de conhecimento\u201d.<\/span><\/span><\/span><\/p>\n<\/blockquote>\n<p style=\"text-align: right;\"><span style=\"font-size: 12pt; font-weight: inherit; font-style: inherit;\">Agla\u00e9 d\u00b4\u00c1vila Fontes,<\/span><\/p>\n<p style=\"text-align: right;\"><span style=\"font-size: 12pt; font-weight: inherit; font-style: inherit;\">Presid. do IHGSE<\/span><\/p><\/div><\/div><\/div><\/div><\/div><div class=\"vce-col vce-col--md-auto vce-col--xs-1 vce-col--xs-last vce-col--xs-first vce-col--sm-last vce-col--sm-first vce-col--md-last vce-col--lg-last vce-col--xl-last\" id=\"el-d36edf85\"><div class=\"vce-col-inner\" data-vce-do-apply=\"border margin background  el-d36edf85\"><div class=\"vce-col-content\" data-vce-element-content=\"true\" data-vce-do-apply=\"padding el-d36edf85\"><div class=\"vce-simple-image-slider\" style=\"--backgroundPosition: center center; --pointerColor: #fff; --pointerColorHover: #fd9a00;\"><div class=\"vce-simple-image-slider-wrapper vce\" id=\"el-0b3f5c8d\" data-vce-do-apply=\"all el-0b3f5c8d\"><div class=\"vce-simple-image-slider-helper vce-simple-image-slider-aspect-ratio--3-4\"><div class=\"vce-simple-image-slider-list\" data-slick-autoplay=\"on\" data-slick-autoplay-delay=\"3000\" data-slick-effect=\"slideIn\" data-slick-dots=\"on\" data-slick-arrows=\"off\"><div class=\"slick-list\"><div class=\"slick-track\"><div class=\"vce-simple-image-slider-item vc-slick-item\"><a href=\"https:\/\/www.ihgse.org.br\/wordpress\/wp-content\/uploads\/2023\/11\/WhatsApp-Image-2023-11-16-at-14.54.52.jpeg\" data-lightbox=\"lightbox-0b3f5c8d\" style=\"background-image:url(https:\/\/www.ihgse.org.br\/wordpress\/wp-content\/uploads\/2023\/11\/WhatsApp-Image-2023-11-16-at-14.54.52.jpeg)\" class=\"vce-simple-image-slider-img vce-simple-image-slider-img--scale\"><img decoding=\"async\" class=\"\" src=\"https:\/\/www.ihgse.org.br\/wordpress\/wp-content\/uploads\/2023\/11\/WhatsApp-Image-2023-11-16-at-14.54.52.jpeg\" style=\"opacity:0\" alt=\"\"><\/a><\/div><div class=\"vce-simple-image-slider-item vc-slick-item\"><a href=\"https:\/\/www.ihgse.org.br\/wordpress\/wp-content\/uploads\/2023\/11\/4.3-Museu-scaled.jpg\" data-lightbox=\"lightbox-0b3f5c8d\" style=\"background-image:url(https:\/\/www.ihgse.org.br\/wordpress\/wp-content\/uploads\/2023\/11\/4.3-Museu-scaled.jpg)\" class=\"vce-simple-image-slider-img vce-simple-image-slider-img--scale\"><img decoding=\"async\" class=\"\" src=\"https:\/\/www.ihgse.org.br\/wordpress\/wp-content\/uploads\/2023\/11\/4.3-Museu-scaled.jpg\" style=\"opacity:0\" alt=\"\"><\/a><\/div><div class=\"vce-simple-image-slider-item vc-slick-item\"><a href=\"https:\/\/www.ihgse.org.br\/wordpress\/wp-content\/uploads\/2023\/11\/DSC_0003-scaled.jpg\" data-lightbox=\"lightbox-0b3f5c8d\" style=\"background-image:url(https:\/\/www.ihgse.org.br\/wordpress\/wp-content\/uploads\/2023\/11\/DSC_0003-scaled.jpg)\" class=\"vce-simple-image-slider-img vce-simple-image-slider-img--scale\"><img decoding=\"async\" class=\"\" src=\"https:\/\/www.ihgse.org.br\/wordpress\/wp-content\/uploads\/2023\/11\/DSC_0003-scaled.jpg\" style=\"opacity:0\" alt=\"\"><\/a><\/div><div class=\"vce-simple-image-slider-item vc-slick-item\"><a href=\"https:\/\/www.ihgse.org.br\/wordpress\/wp-content\/uploads\/2023\/11\/DSC_0004-scaled.jpg\" data-lightbox=\"lightbox-0b3f5c8d\" style=\"background-image:url(https:\/\/www.ihgse.org.br\/wordpress\/wp-content\/uploads\/2023\/11\/DSC_0004-scaled.jpg)\" class=\"vce-simple-image-slider-img vce-simple-image-slider-img--scale\"><img decoding=\"async\" class=\"\" src=\"https:\/\/www.ihgse.org.br\/wordpress\/wp-content\/uploads\/2023\/11\/DSC_0004-scaled.jpg\" style=\"opacity:0\" alt=\"\"><\/a><\/div><div class=\"vce-simple-image-slider-item vc-slick-item\"><a href=\"https:\/\/www.ihgse.org.br\/wordpress\/wp-content\/uploads\/2023\/11\/DSC_0007-scaled.jpg\" data-lightbox=\"lightbox-0b3f5c8d\" style=\"background-image:url(https:\/\/www.ihgse.org.br\/wordpress\/wp-content\/uploads\/2023\/11\/DSC_0007-scaled.jpg)\" class=\"vce-simple-image-slider-img vce-simple-image-slider-img--scale\"><img decoding=\"async\" class=\"\" src=\"https:\/\/www.ihgse.org.br\/wordpress\/wp-content\/uploads\/2023\/11\/DSC_0007-scaled.jpg\" style=\"opacity:0\" alt=\"\"><\/a><\/div><div class=\"vce-simple-image-slider-item vc-slick-item\"><a href=\"https:\/\/www.ihgse.org.br\/wordpress\/wp-content\/uploads\/2023\/11\/DSC_0009-scaled.jpg\" data-lightbox=\"lightbox-0b3f5c8d\" style=\"background-image:url(https:\/\/www.ihgse.org.br\/wordpress\/wp-content\/uploads\/2023\/11\/DSC_0009-scaled.jpg)\" class=\"vce-simple-image-slider-img vce-simple-image-slider-img--scale\"><img decoding=\"async\" class=\"\" src=\"https:\/\/www.ihgse.org.br\/wordpress\/wp-content\/uploads\/2023\/11\/DSC_0009-scaled.jpg\" style=\"opacity:0\" alt=\"\"><\/a><\/div><\/div><\/div><\/div><div class=\"vce-simple-image-slider-dots\"><\/div><\/div><\/div><\/div><\/div><\/div><\/div><\/div><\/div><\/div><div class=\"vce-row-container\" data-vce-boxed-width=\"true\"><div class=\"vce-row vce-row--col-gap-30 vce-row-equal-height vce-row-content--top\" id=\"el-06c0208b\" data-vce-do-apply=\"all el-06c0208b\"><div class=\"vce-row-content\" data-vce-element-content=\"true\"><div class=\"vce-col vce-col--md-auto vce-col--xs-1 vce-col--xs-last vce-col--xs-first vce-col--sm-last vce-col--sm-first vce-col--md-first vce-col--lg-first vce-col--xl-first\" id=\"el-adab1c81\"><div class=\"vce-col-inner\" data-vce-do-apply=\"border margin background  el-adab1c81\"><div class=\"vce-col-content\" data-vce-element-content=\"true\" data-vce-do-apply=\"padding el-adab1c81\"><div><\/div><\/div><\/div><\/div><div class=\"vce-col vce-col--md-auto vce-col--xs-1 vce-col--xs-last vce-col--xs-first vce-col--sm-last vce-col--sm-first vce-col--md-last vce-col--lg-last vce-col--xl-last\" id=\"el-d0caf5c3\"><div class=\"vce-col-inner\" data-vce-do-apply=\"border margin background  el-d0caf5c3\"><div class=\"vce-col-content\" data-vce-element-content=\"true\" data-vce-do-apply=\"padding el-d0caf5c3\"><div class=\"vce-text-block\"><div class=\"vce-text-block-wrapper vce\" id=\"el-1f7e6be5\" data-vce-do-apply=\"all el-1f7e6be5\"><p><span style=\"font-size: 14pt;\"><a href=\"https:\/\/www.planalto.gov.br\/ccivil_03\/_ato2007-2010\/2009\/lei\/l11904.htm\" target=\"_blank\" rel=\"noopener\">Estatuto de Museus<\/a><\/span><\/p><\/div><\/div><\/div><\/div><\/div><\/div><\/div><\/div><div class=\"vce-row-container\" data-vce-boxed-width=\"true\"><div class=\"vce-row vce-row--col-gap-30 vce-row-equal-height vce-row-content--top\" id=\"el-e140e653\" data-vce-do-apply=\"all el-e140e653\"><div class=\"vce-row-content\" data-vce-element-content=\"true\"><div><\/div><\/div><\/div><\/div>","protected":false},"excerpt":{"rendered":"<p>Museu Galdino Bicho N\u00e3o \u00e9 de hoje que se afirma a import\u00e2ncia dos museus como instrumentos de preserva\u00e7\u00e3o da mem\u00f3ria. Todos os povos possuem museus como espa\u00e7os para trabalhar valores hist\u00f3ricos,&nbsp; representa\u00e7\u00e3o de identidades, de um povo com seus costumes e suas culturas. Em Sergipe isto n\u00e3o se faz diferente, O Instituto Hist\u00f3rico e Geogr\u00e1fico&hellip; <br \/> <a class=\"read-more\" href=\"https:\/\/ihgse.org.br\/wordpress\/museu\/\">Leia mais<\/a><\/p>\n","protected":false},"author":5,"featured_media":2433,"parent":0,"menu_order":0,"comment_status":"closed","ping_status":"closed","template":"","meta":{"footnotes":""},"class_list":["post-49","page","type-page","status-publish","has-post-thumbnail","hentry"],"_links":{"self":[{"href":"https:\/\/ihgse.org.br\/wordpress\/wp-json\/wp\/v2\/pages\/49","targetHints":{"allow":["GET"]}}],"collection":[{"href":"https:\/\/ihgse.org.br\/wordpress\/wp-json\/wp\/v2\/pages"}],"about":[{"href":"https:\/\/ihgse.org.br\/wordpress\/wp-json\/wp\/v2\/types\/page"}],"author":[{"embeddable":true,"href":"https:\/\/ihgse.org.br\/wordpress\/wp-json\/wp\/v2\/users\/5"}],"replies":[{"embeddable":true,"href":"https:\/\/ihgse.org.br\/wordpress\/wp-json\/wp\/v2\/comments?post=49"}],"version-history":[{"count":9,"href":"https:\/\/ihgse.org.br\/wordpress\/wp-json\/wp\/v2\/pages\/49\/revisions"}],"predecessor-version":[{"id":2439,"href":"https:\/\/ihgse.org.br\/wordpress\/wp-json\/wp\/v2\/pages\/49\/revisions\/2439"}],"wp:featuredmedia":[{"embeddable":true,"href":"https:\/\/ihgse.org.br\/wordpress\/wp-json\/wp\/v2\/media\/2433"}],"wp:attachment":[{"href":"https:\/\/ihgse.org.br\/wordpress\/wp-json\/wp\/v2\/media?parent=49"}],"curies":[{"name":"wp","href":"https:\/\/api.w.org\/{rel}","templated":true}]}}