{"id":55,"date":"2018-09-06T12:37:22","date_gmt":"2018-09-06T15:37:22","guid":{"rendered":"http:\/\/www.ihgse.org.br\/wordpress\/?page_id=55"},"modified":"2019-09-19T14:54:07","modified_gmt":"2019-09-19T17:54:07","slug":"revista","status":"publish","type":"page","link":"https:\/\/ihgse.org.br\/wordpress\/revista\/","title":{"rendered":"Revista"},"content":{"rendered":"<p>A Revista do Instituto Hist\u00f3rico e Geogr\u00e1fico de Sergipe (ISSN. 1981-7347) \u00e9 o peri\u00f3dico cient\u00edfico mais antigo em circula\u00e7\u00e3o no Estado, tendo publicado seu primeiro n\u00famero em 1913. Com periodicidade anual, a Revista do IHGSE consiste no principal ve\u00edculo da produ\u00e7\u00e3o do conhecimento hist\u00f3rico em\/sobre Sergipe. Recebe textos, sob a forma de artigos, resenhas, edi\u00e7\u00f5es de fontes, confer\u00eancias e comunica\u00e7\u00f5es que tenham car\u00e1ter in\u00e9dito e que versem, a partir de diferentes perspectivas \u2013 hist\u00f3rica, geogr\u00e1fica, antropol\u00f3gica, sociol\u00f3gica \u2013, sobre tem\u00e1ticas relativas a Sergipe.<\/p>\n<style type=\"text\/css\">\r\n\t#foogallery-gallery-534 .fg-image {\r\n        width: 640px;\r\n    }\r\n<\/style>\r\n\t\t\t\t<div class=\"foogallery foogallery-container foogallery-image-viewer foogallery-link-image foogallery-lightbox-none fg-center fg-image-viewer fg-light fg-border-thin fg-shadow-outline fg-loading-default fg-loaded-fade-in fg-caption-hover fg-hover-fade fg-hover-zoom fg-ready\" id=\"foogallery-gallery-534\" data-foogallery=\"{&quot;item&quot;:{&quot;showCaptionTitle&quot;:true,&quot;showCaptionDescription&quot;:true},&quot;lazy&quot;:true,&quot;template&quot;:{&quot;loop&quot;:true}}\" >\r\n\t<div class=\"fiv-inner\">\r\n\t\t<div class=\"fiv-inner-container\">\r\n\t\t\t<div class=\"fg-item fg-type-image fg-idle\"><figure class=\"fg-item-inner\"><a href=\"https:\/\/www.ihgse.org.br\/wordpress\/wp-content\/uploads\/2019\/02\/14-Revistas.jpg\" data-caption-title=\"Revista (\u00e9pocas diversas)\" data-attachment-id=\"535\" data-type=\"image\" class=\"fg-thumb\"><span class=\"fg-image-wrap\"><img fetchpriority=\"high\" decoding=\"async\" title=\"Revista (\u00e9pocas diversas)\" width=\"640\" height=\"360\" class=\"skip-lazy fg-image\" data-src-fg=\"https:\/\/www.ihgse.org.br\/wordpress\/wp-content\/uploads\/cache\/2019\/02\/14-Revistas\/1848224004.jpg\" src=\"data:image\/svg+xml,%3Csvg%20xmlns%3D%22http%3A%2F%2Fwww.w3.org%2F2000%2Fsvg%22%20width%3D%22640%22%20height%3D%22360%22%20viewBox%3D%220%200%20640%20360%22%3E%3C%2Fsvg%3E\" loading=\"eager\"><\/span><span class=\"fg-image-overlay\"><\/span><\/a><figcaption class=\"fg-caption\"><div class=\"fg-caption-inner\"><div class=\"fg-caption-title\">Revista (\u00e9pocas diversas)<\/div><\/div><\/figcaption><\/figure><div class=\"fg-loader\"><\/div><\/div><div class=\"fg-item fg-type-image fg-idle\"><figure class=\"fg-item-inner\"><a href=\"https:\/\/www.ihgse.org.br\/wordpress\/wp-content\/uploads\/2019\/02\/P.jpeg\" data-caption-title=\"Revista no. 48 (2018)\" data-attachment-id=\"536\" data-type=\"image\" class=\"fg-thumb\"><span class=\"fg-image-wrap\"><img decoding=\"async\" title=\"Revista no. 48 (2018)\" width=\"640\" height=\"360\" class=\"skip-lazy fg-image\" data-src-fg=\"https:\/\/www.ihgse.org.br\/wordpress\/wp-content\/uploads\/2019\/02\/P.jpeg\" src=\"data:image\/svg+xml,%3Csvg%20xmlns%3D%22http%3A%2F%2Fwww.w3.org%2F2000%2Fsvg%22%20width%3D%22640%22%20height%3D%22360%22%20viewBox%3D%220%200%20640%20360%22%3E%3C%2Fsvg%3E\" loading=\"eager\"><\/span><span class=\"fg-image-overlay\"><\/span><\/a><figcaption class=\"fg-caption\"><div class=\"fg-caption-inner\"><div class=\"fg-caption-title\">Revista no. 48 (2018)<\/div><\/div><\/figcaption><\/figure><div class=\"fg-loader\"><\/div><\/div><div class=\"fg-item fg-type-image fg-idle\"><figure class=\"fg-item-inner\"><a href=\"https:\/\/www.ihgse.org.br\/wordpress\/wp-content\/uploads\/2019\/02\/revisok-scaled.jpg\" data-attachment-id=\"686\" data-type=\"image\" class=\"fg-thumb\"><span class=\"fg-image-wrap\"><img decoding=\"async\" width=\"640\" height=\"360\" class=\"skip-lazy fg-image\" data-src-fg=\"https:\/\/www.ihgse.org.br\/wordpress\/wp-content\/uploads\/cache\/2019\/02\/revisok-scaled\/165649520.jpg\" src=\"data:image\/svg+xml,%3Csvg%20xmlns%3D%22http%3A%2F%2Fwww.w3.org%2F2000%2Fsvg%22%20width%3D%22640%22%20height%3D%22360%22%20viewBox%3D%220%200%20640%20360%22%3E%3C%2Fsvg%3E\" loading=\"eager\"><\/span><span class=\"fg-image-overlay\"><\/span><\/a><figcaption class=\"fg-caption\"><div class=\"fg-caption-inner\"><\/div><\/figcaption><\/figure><div class=\"fg-loader\"><\/div><\/div>\t\t<\/div>\r\n\t\t<div class=\"fiv-ctrls\">\r\n\t\t\t<div class=\"fiv-prev\"><span>Prev<\/span><\/div>\r\n\t\t\t<label class=\"fiv-count\"><span class=\"fiv-count-current\">1<\/span>of<span class=\"fiv-count-total\">3<\/span><\/label>\r\n\t\t\t<div class=\"fiv-next\"><span>Next<\/span><\/div>\r\n\t\t<\/div>\r\n\t<\/div>\r\n<\/div>\n<p>&nbsp;<\/p>\n<p><strong>Todos as informa\u00e7\u00f5es sobre a Revista do IHGSE devem ser consultadas no site: <a href=\"https:\/\/seer.ufs.br\/index.php\/rihgse\">https:\/\/seer.ufs.br\/index.php\/rihgse<\/a><\/strong><\/p>\n<p>Clique\u00a0<strong><a href=\"http:\/\/www.ihgse.org.br\/wordpress\/wp-content\/uploads\/2018\/09\/indice-de-revistas.pdf\" target=\"_blank\" rel=\"noopener noreferrer\">aqui<\/a><\/strong> e fa\u00e7a o download do nosso \u00edndice das revistas.<\/p>\n","protected":false},"excerpt":{"rendered":"<p>A Revista do Instituto Hist\u00f3rico e Geogr\u00e1fico de Sergipe (ISSN. 1981-7347) \u00e9 o peri\u00f3dico cient\u00edfico mais antigo em circula\u00e7\u00e3o no Estado, tendo publicado seu primeiro n\u00famero em 1913. Com periodicidade anual, a Revista do IHGSE consiste no principal ve\u00edculo da produ\u00e7\u00e3o do conhecimento hist\u00f3rico em\/sobre Sergipe. Recebe textos, sob a forma de artigos, resenhas, edi\u00e7\u00f5es&hellip; <br \/> <a class=\"read-more\" href=\"https:\/\/ihgse.org.br\/wordpress\/revista\/\">Leia mais<\/a><\/p>\n","protected":false},"author":5,"featured_media":0,"parent":0,"menu_order":0,"comment_status":"closed","ping_status":"closed","template":"","meta":{"footnotes":""},"class_list":["post-55","page","type-page","status-publish","hentry"],"_links":{"self":[{"href":"https:\/\/ihgse.org.br\/wordpress\/wp-json\/wp\/v2\/pages\/55","targetHints":{"allow":["GET"]}}],"collection":[{"href":"https:\/\/ihgse.org.br\/wordpress\/wp-json\/wp\/v2\/pages"}],"about":[{"href":"https:\/\/ihgse.org.br\/wordpress\/wp-json\/wp\/v2\/types\/page"}],"author":[{"embeddable":true,"href":"https:\/\/ihgse.org.br\/wordpress\/wp-json\/wp\/v2\/users\/5"}],"replies":[{"embeddable":true,"href":"https:\/\/ihgse.org.br\/wordpress\/wp-json\/wp\/v2\/comments?post=55"}],"version-history":[{"count":10,"href":"https:\/\/ihgse.org.br\/wordpress\/wp-json\/wp\/v2\/pages\/55\/revisions"}],"predecessor-version":[{"id":676,"href":"https:\/\/ihgse.org.br\/wordpress\/wp-json\/wp\/v2\/pages\/55\/revisions\/676"}],"wp:attachment":[{"href":"https:\/\/ihgse.org.br\/wordpress\/wp-json\/wp\/v2\/media?parent=55"}],"curies":[{"name":"wp","href":"https:\/\/api.w.org\/{rel}","templated":true}]}}