{"id":712,"date":"2020-11-26T16:47:02","date_gmt":"2020-11-26T19:47:02","guid":{"rendered":"http:\/\/ihgse.org.br\/wordpress\/?page_id=712"},"modified":"2023-01-31T10:26:10","modified_gmt":"2023-01-31T13:26:10","slug":"comunicado","status":"publish","type":"page","link":"https:\/\/ihgse.org.br\/wordpress\/comunicado\/","title":{"rendered":"VII Congresso dos Institutos Hist\u00f3ricos do Nordeste &#8211; Programa\u00e7\u00e3o"},"content":{"rendered":"<div class=\"vce-row-container\" data-vce-boxed-width=\"true\"><div class=\"vce-row vce-row--col-gap-30 vce-row-equal-height vce-row-content--top\" id=\"el-3acede6a\" data-vce-do-apply=\"all el-3acede6a\"><div class=\"vce-row-content\" data-vce-element-content=\"true\"><div class=\"vce-col vce-col--md-auto vce-col--xs-1 vce-col--xs-last vce-col--xs-first vce-col--sm-last vce-col--sm-first vce-col--md-last vce-col--lg-last vce-col--xl-last vce-col--md-first vce-col--lg-first vce-col--xl-first\" id=\"el-35be83a2\"><div class=\"vce-col-inner\" data-vce-do-apply=\"border margin background  el-35be83a2\"><div class=\"vce-col-content\" data-vce-element-content=\"true\" data-vce-do-apply=\"padding el-35be83a2\"><div class=\"vce-text-block\"><div class=\"vce-text-block-wrapper vce\" id=\"el-45e193c4\" data-vce-do-apply=\"all el-45e193c4\"><p>Segue&nbsp; a programa\u00e7\u00e3o do VII Congresso dos Institutos Hist\u00f3ricos do Nordeste:<\/p>\n<p>Segue&nbsp; a programa\u00e7\u00e3o do VII Congresso dos Institutos Hist\u00f3ricos do Nordeste:<\/p>\n<p><strong>VII Congresso dos Institutos Hist\u00f3ricos do Nordeste<\/strong><br>\nDia 13\/7 (19 h): Sess\u00e3o de Abertura:<br>\nProfessora Agla\u00e9 d\u2019\u00c1vila Fontes - Presidente do IHGSE<br>\nProfa. Dra. Terezinha Alves de Oliva - IHGSE<br>\nProfa. Dra. Margarida Cantarelli - IAHGP<br>\nDr. Victorino Chermont de Miranda - IHGB<\/p>\n<p>Link de acesso: <a href=\"https:\/\/www.youtube.com\/watch?v=YL2K5yz3Thc\">https:\/\/www.youtube.com\/watch?v=YL2K5yz3Thc<\/a><\/p>\n<p>Dia 14 \u2013 9h: Mesa Redonda 1<br>\nTema: Os Institutos Hist\u00f3ricos e Geogr\u00e1ficos e a pandemia\u2013 Inova\u00e7\u00f5es e estrat\u00e9gias de sobreviv\u00eancia.<\/p>\n<p>Presidente Eduardo Moraes de Castro- IGHB<br>\nPresidente Osmuz Barbalho Simonetti-IHGRN<br>\nPresidente Ant\u00f4nio Fonseca dos Santos Neto-IHGPI<br>\nVice-Presidente Jean Patr\u00edcio da Silva-IHGP<br>\nPresidente Jos\u00e9 Augusto Silva Oliveira\u2013 IHGM (Coordena\u00e7\u00e3o)<\/p>\n<p>Link de acesso: <a href=\"https:\/\/www.youtube.com\/watch?v=Z0WfMt5Ssy0\">https:\/\/www.youtube.com\/watch?v=Z0WfMt5Ssy0<\/a><\/p>\n<p>Dia 14 (15 h): Mesa Redonda 2<br>\nTema: Os Institutos Municipais e seu \u00e2mbito de atua\u00e7\u00e3o.<\/p>\n<p>Vice-Presidente Maria Bertolina Costa- IHGC (Caxias-MA)<br>\nPresidente Reginaldo Pereira do Nascimento- IHGGP (Parna\u00edba-PI)<br>\nPresidente Jos\u00e9 de Souza Pequeno Filho- IHGSB (Serra Branca-PB)<br>\nPresidente Ivonete Xavier- IHGCG (Garanhuns-PE)<br>\nPresidente Harlan Gadelha Filho \u2013 IAHGGO (Coordena\u00e7\u00e3o)<\/p>\n<p>Lan\u00e7amento de livro:<br>\n\u201cAsas para Vit\u00f3ria de Santo Ant\u00e3o\u201d \u2013 Pedro Humberto Ferrer de Morais (Presidente do IHGVSA)<br>\nApresenta\u00e7\u00e3o: Vice-Presidente- Cristiano Pilako V. Barros- IHGVSA (Vit\u00f3ria do Santo Ant\u00e3o-PE)<\/p>\n<p>Link de acesso: <a href=\"https:\/\/www.youtube.com\/watch?v=xAKlUJXk3AY\">https:\/\/www.youtube.com\/watch?v=xAKlUJXk3AY<\/a><\/p>\n<p>Dia 15 (9h): Mesa Redonda 03<br>\nTema: Sess\u00e3o em Homenagem ao Bicenten\u00e1rio da Emancipa\u00e7\u00e3o Pol\u00edtica de Sergipe<\/p>\n<p>Profa. Dra. Edna Matos Ant\u00f4nio (PROHIS - UFS)<br>\nTereza Cristina Cerqueira da Gra\u00e7a \u2013 IHGSE (Coordena\u00e7\u00e3o)<\/p>\n<p>Lan\u00e7amento de livros:<br>\n\u201cSergipe Colonial: uma Capitania esquecida\u201d \u2013 Profa. Dra. Maria Beatriz Nizza da Silva<br>\n\u201cFelisbelo, Thetis e Ibar\u00ea\u201d: Contribui\u00e7\u00e3o aos estudos de Hist\u00f3ria da Historiografia \u2013Prof. Dr. Samuel Albuquerque<br>\nTerezinha Alves de Oliva - Oradora Oficial do IHGSE (Apresentadora)<\/p>\n<p>Link para acesso:<a href=\"https:\/\/www.youtube.com\/watch?v=5LLxtCtNR-A\"> https:\/\/www.youtube.com\/watch?v=5LLxtCtNR-A<\/a><\/p>\n<p>Dia 15 (15h): Mesa Redonda 04<\/p>\n<p>Tema: Sess\u00e3o em homenagem ao Bicenten\u00e1rio da Junta Governativa de Goiana e Conven\u00e7\u00e3o de Beberibe<\/p>\n<p>Prof. Dr. Josemir Camilo Melo- IHAGGO (Goiana-PE)<br>\nProf. Dr. George Cabral- IHO (Olinda-PE)<br>\nProf. \u00c1lvaro Queiroz \u2013 Segundo Secret\u00e1rio do IHGAL (Coordenador)<\/p>\n<p>Link de acesso: <a href=\"https:\/\/www.youtube.com\/watch?v=Zk5oMtj8d3w\">https:\/\/www.youtube.com\/watch?v=Zk5oMtj8d3w<\/a><\/p>\n<p>Dia 15 (19h): Encerramento<br>\nReuni\u00e3o com os Presidentes dos Institutos Hist\u00f3ricos do Nordeste<br>\nEscolha do local do pr\u00f3ximo Congresso<br>\nDr. Igor Leonardo Moraes Albuquerque\u2014Vice-Presidente do IHGSE (Coordena\u00e7\u00e3o)<\/p>\n<p>Link de acesso: <a href=\"https:\/\/www.youtube.com\/watch?v=6KC1CGfQXqQ\">https:\/\/www.youtube.com\/watch?v=6KC1CGfQXqQ<\/a><\/p>\n<p>&nbsp;<\/p>\n<p>&nbsp;<\/p>\n<p><img loading=\"lazy\" decoding=\"async\" class=\"wp-image-754 aligncenter\" src=\"https:\/\/www.ihgse.org.br\/wordpress\/wp-content\/uploads\/2021\/06\/1.jpeg\" alt=\"\" width=\"384\" height=\"384\" srcset=\"http:\/\/www.ihgse.org.br\/wordpress\/wp-content\/uploads\/2021\/06\/1.jpeg 1280w, http:\/\/www.ihgse.org.br\/wordpress\/wp-content\/uploads\/2021\/06\/1-300x300.jpeg 300w, http:\/\/www.ihgse.org.br\/wordpress\/wp-content\/uploads\/2021\/06\/1-1024x1024.jpeg 1024w, http:\/\/www.ihgse.org.br\/wordpress\/wp-content\/uploads\/2021\/06\/1-150x150.jpeg 150w, http:\/\/www.ihgse.org.br\/wordpress\/wp-content\/uploads\/2021\/06\/1-768x768.jpeg 768w\" sizes=\"auto, (max-width: 384px) 100vw, 384px\" \/><\/p>\n<p><img loading=\"lazy\" decoding=\"async\" class=\"wp-image-770 aligncenter\" src=\"https:\/\/www.ihgse.org.br\/wordpress\/wp-content\/uploads\/2021\/06\/2-1.jpeg\" alt=\"\" width=\"385\" height=\"386\" srcset=\"http:\/\/www.ihgse.org.br\/wordpress\/wp-content\/uploads\/2021\/06\/2-1.jpeg 1280w, http:\/\/www.ihgse.org.br\/wordpress\/wp-content\/uploads\/2021\/06\/2-1-300x300.jpeg 300w, http:\/\/www.ihgse.org.br\/wordpress\/wp-content\/uploads\/2021\/06\/2-1-1024x1024.jpeg 1024w, http:\/\/www.ihgse.org.br\/wordpress\/wp-content\/uploads\/2021\/06\/2-1-150x150.jpeg 150w, http:\/\/www.ihgse.org.br\/wordpress\/wp-content\/uploads\/2021\/06\/2-1-768x768.jpeg 768w\" sizes=\"auto, (max-width: 385px) 100vw, 385px\" \/><\/p>\n<p><img loading=\"lazy\" decoding=\"async\" class=\"wp-image-756 aligncenter\" src=\"https:\/\/www.ihgse.org.br\/wordpress\/wp-content\/uploads\/2021\/06\/3.jpeg\" alt=\"\" width=\"382\" height=\"382\" srcset=\"http:\/\/www.ihgse.org.br\/wordpress\/wp-content\/uploads\/2021\/06\/3.jpeg 1280w, http:\/\/www.ihgse.org.br\/wordpress\/wp-content\/uploads\/2021\/06\/3-300x300.jpeg 300w, http:\/\/www.ihgse.org.br\/wordpress\/wp-content\/uploads\/2021\/06\/3-1024x1024.jpeg 1024w, http:\/\/www.ihgse.org.br\/wordpress\/wp-content\/uploads\/2021\/06\/3-150x150.jpeg 150w, http:\/\/www.ihgse.org.br\/wordpress\/wp-content\/uploads\/2021\/06\/3-768x768.jpeg 768w\" sizes=\"auto, (max-width: 382px) 100vw, 382px\" \/><\/p>\n<p><img loading=\"lazy\" decoding=\"async\" class=\"wp-image-757 aligncenter\" src=\"https:\/\/www.ihgse.org.br\/wordpress\/wp-content\/uploads\/2021\/06\/4.jpeg\" alt=\"\" width=\"370\" height=\"370\" srcset=\"http:\/\/www.ihgse.org.br\/wordpress\/wp-content\/uploads\/2021\/06\/4.jpeg 1280w, http:\/\/www.ihgse.org.br\/wordpress\/wp-content\/uploads\/2021\/06\/4-300x300.jpeg 300w, http:\/\/www.ihgse.org.br\/wordpress\/wp-content\/uploads\/2021\/06\/4-1024x1024.jpeg 1024w, http:\/\/www.ihgse.org.br\/wordpress\/wp-content\/uploads\/2021\/06\/4-150x150.jpeg 150w, http:\/\/www.ihgse.org.br\/wordpress\/wp-content\/uploads\/2021\/06\/4-768x768.jpeg 768w\" sizes=\"auto, (max-width: 370px) 100vw, 370px\" \/> <img loading=\"lazy\" decoding=\"async\" class=\"wp-image-758 aligncenter\" src=\"https:\/\/www.ihgse.org.br\/wordpress\/wp-content\/uploads\/2021\/06\/5.jpeg\" alt=\"\" width=\"390\" height=\"390\" srcset=\"http:\/\/www.ihgse.org.br\/wordpress\/wp-content\/uploads\/2021\/06\/5.jpeg 1280w, http:\/\/www.ihgse.org.br\/wordpress\/wp-content\/uploads\/2021\/06\/5-300x300.jpeg 300w, http:\/\/www.ihgse.org.br\/wordpress\/wp-content\/uploads\/2021\/06\/5-1024x1024.jpeg 1024w, http:\/\/www.ihgse.org.br\/wordpress\/wp-content\/uploads\/2021\/06\/5-150x150.jpeg 150w, http:\/\/www.ihgse.org.br\/wordpress\/wp-content\/uploads\/2021\/06\/5-768x768.jpeg 768w\" sizes=\"auto, (max-width: 390px) 100vw, 390px\" \/> <img loading=\"lazy\" decoding=\"async\" class=\"wp-image-759 aligncenter\" src=\"https:\/\/www.ihgse.org.br\/wordpress\/wp-content\/uploads\/2021\/06\/6.jpeg\" alt=\"\" width=\"402\" height=\"403\" srcset=\"http:\/\/www.ihgse.org.br\/wordpress\/wp-content\/uploads\/2021\/06\/6.jpeg 1280w, http:\/\/www.ihgse.org.br\/wordpress\/wp-content\/uploads\/2021\/06\/6-300x300.jpeg 300w, http:\/\/www.ihgse.org.br\/wordpress\/wp-content\/uploads\/2021\/06\/6-1024x1024.jpeg 1024w, http:\/\/www.ihgse.org.br\/wordpress\/wp-content\/uploads\/2021\/06\/6-150x150.jpeg 150w, http:\/\/www.ihgse.org.br\/wordpress\/wp-content\/uploads\/2021\/06\/6-768x768.jpeg 768w\" sizes=\"auto, (max-width: 402px) 100vw, 402px\" \/> <img loading=\"lazy\" decoding=\"async\" class=\"wp-image-760 aligncenter\" src=\"https:\/\/www.ihgse.org.br\/wordpress\/wp-content\/uploads\/2021\/06\/7.jpeg\" alt=\"\" width=\"398\" height=\"398\" srcset=\"http:\/\/www.ihgse.org.br\/wordpress\/wp-content\/uploads\/2021\/06\/7.jpeg 1280w, http:\/\/www.ihgse.org.br\/wordpress\/wp-content\/uploads\/2021\/06\/7-300x300.jpeg 300w, http:\/\/www.ihgse.org.br\/wordpress\/wp-content\/uploads\/2021\/06\/7-1024x1024.jpeg 1024w, http:\/\/www.ihgse.org.br\/wordpress\/wp-content\/uploads\/2021\/06\/7-150x150.jpeg 150w, http:\/\/www.ihgse.org.br\/wordpress\/wp-content\/uploads\/2021\/06\/7-768x768.jpeg 768w\" sizes=\"auto, (max-width: 398px) 100vw, 398px\" \/> <img loading=\"lazy\" decoding=\"async\" class=\"wp-image-761 aligncenter\" src=\"https:\/\/www.ihgse.org.br\/wordpress\/wp-content\/uploads\/2021\/06\/8.jpeg\" alt=\"\" width=\"364\" height=\"364\" srcset=\"http:\/\/www.ihgse.org.br\/wordpress\/wp-content\/uploads\/2021\/06\/8.jpeg 1280w, http:\/\/www.ihgse.org.br\/wordpress\/wp-content\/uploads\/2021\/06\/8-300x300.jpeg 300w, http:\/\/www.ihgse.org.br\/wordpress\/wp-content\/uploads\/2021\/06\/8-1024x1024.jpeg 1024w, http:\/\/www.ihgse.org.br\/wordpress\/wp-content\/uploads\/2021\/06\/8-150x150.jpeg 150w, http:\/\/www.ihgse.org.br\/wordpress\/wp-content\/uploads\/2021\/06\/8-768x768.jpeg 768w\" sizes=\"auto, (max-width: 364px) 100vw, 364px\" \/> <img loading=\"lazy\" decoding=\"async\" class=\"wp-image-762 aligncenter\" src=\"https:\/\/www.ihgse.org.br\/wordpress\/wp-content\/uploads\/2021\/06\/9.jpeg\" alt=\"\" width=\"359\" height=\"359\" srcset=\"http:\/\/www.ihgse.org.br\/wordpress\/wp-content\/uploads\/2021\/06\/9.jpeg 1280w, http:\/\/www.ihgse.org.br\/wordpress\/wp-content\/uploads\/2021\/06\/9-300x300.jpeg 300w, http:\/\/www.ihgse.org.br\/wordpress\/wp-content\/uploads\/2021\/06\/9-1024x1024.jpeg 1024w, http:\/\/www.ihgse.org.br\/wordpress\/wp-content\/uploads\/2021\/06\/9-150x150.jpeg 150w, http:\/\/www.ihgse.org.br\/wordpress\/wp-content\/uploads\/2021\/06\/9-768x768.jpeg 768w\" sizes=\"auto, (max-width: 359px) 100vw, 359px\" \/><\/p>\n<p>&nbsp;<\/p>\n<\/div><\/div><\/div><\/div><\/div><\/div><\/div><\/div>\n","protected":false},"excerpt":{"rendered":"<p>Segue&nbsp; a programa\u00e7\u00e3o do VII Congresso dos Institutos Hist\u00f3ricos do Nordeste: Segue&nbsp; a programa\u00e7\u00e3o do VII Congresso dos Institutos Hist\u00f3ricos do Nordeste: VII Congresso dos Institutos Hist\u00f3ricos do Nordeste Dia 13\/7 (19 h): Sess\u00e3o de Abertura: Professora Agla\u00e9 d\u2019\u00c1vila Fontes &#8211; Presidente do IHGSE Profa. Dra. Terezinha Alves de Oliva &#8211; IHGSE Profa. Dra. Margarida&hellip; <br \/> <a class=\"read-more\" href=\"https:\/\/ihgse.org.br\/wordpress\/comunicado\/\">Leia mais<\/a><\/p>\n","protected":false},"author":5,"featured_media":1946,"parent":0,"menu_order":0,"comment_status":"closed","ping_status":"closed","template":"","meta":{"footnotes":""},"class_list":["post-712","page","type-page","status-publish","has-post-thumbnail","hentry"],"_links":{"self":[{"href":"https:\/\/ihgse.org.br\/wordpress\/wp-json\/wp\/v2\/pages\/712","targetHints":{"allow":["GET"]}}],"collection":[{"href":"https:\/\/ihgse.org.br\/wordpress\/wp-json\/wp\/v2\/pages"}],"about":[{"href":"https:\/\/ihgse.org.br\/wordpress\/wp-json\/wp\/v2\/types\/page"}],"author":[{"embeddable":true,"href":"https:\/\/ihgse.org.br\/wordpress\/wp-json\/wp\/v2\/users\/5"}],"replies":[{"embeddable":true,"href":"https:\/\/ihgse.org.br\/wordpress\/wp-json\/wp\/v2\/comments?post=712"}],"version-history":[{"count":10,"href":"https:\/\/ihgse.org.br\/wordpress\/wp-json\/wp\/v2\/pages\/712\/revisions"}],"predecessor-version":[{"id":1962,"href":"https:\/\/ihgse.org.br\/wordpress\/wp-json\/wp\/v2\/pages\/712\/revisions\/1962"}],"wp:featuredmedia":[{"embeddable":true,"href":"https:\/\/ihgse.org.br\/wordpress\/wp-json\/wp\/v2\/media\/1946"}],"wp:attachment":[{"href":"https:\/\/ihgse.org.br\/wordpress\/wp-json\/wp\/v2\/media?parent=712"}],"curies":[{"name":"wp","href":"https:\/\/api.w.org\/{rel}","templated":true}]}}